{"id":41104,"date":"2025-01-18T01:34:18","date_gmt":"2025-01-18T00:34:18","guid":{"rendered":"https:\/\/www.kalorus.com\/prodotto\/termocucina-a-legna-ylenya-magikal\/"},"modified":"2025-01-18T01:34:23","modified_gmt":"2025-01-18T00:34:23","slug":"termocucina-a-legna-ylenya-magikal","status":"publish","type":"product","link":"https:\/\/www.kalorus.com\/it\/prodotto\/termocucina-a-legna-ylenya-magikal\/","title":{"rendered":"Termocucina a legna YLENYA &#8211; Magikal"},"content":{"rendered":"<ul>\n<li>Evolution System Technology<\/li>\n<li>No Ghiaccio<\/li>\n<li>Uscita superiore<\/li>\n<\/ul>\n<ul>\n<li>Potenza Termica: 28,7 kW<\/li>\n<li>Rendimento: 74%<\/li>\n<li>Volume riscaldabile*: 420&divide;710 m3<\/li>\n<li>Classe Energetica: A<\/li>\n<li>Diametro scarico Fumi: 150 mm<\/li>\n<li>Dimensioni: L 1040 &#8211; H 890 &#8211; P650 mm<\/li>\n<li>Peso: 250 Kg<\/li>\n<\/ul>\n<p><strong>Certificazione Ambientale 4 stelle<\/strong><br \/> Compatibile con i limiti imposti dal Decreto Ambientale N&deg;186 Italiano.<\/p>\n","protected":false},"excerpt":{"rendered":"<p>Ylenya rappresenta una combinazione unica di tradizione e innovazione nel settore delle termocucine. La sua creazione da parte di Magikal ha suscitato un notevole successo sia tra il pubblico che tra i professionisti del settore.<\/p>\n<p>La vera innovazione di Ylenya risiede nel suo sistema EST, un circuito autogestito in acciaio inox progettato e costruito interamente da Magikal. Questo sistema elimina la necessit\u00e0 di installare un vaso di espansione aperto, consentendo cos\u00ec il collegamento ad ogni tipologia di caldaia. Questo approccio innovativo non solo semplifica il processo di installazione, ma rende anche Ylenya estremamente flessibile e adatta a una vasta gamma di configurazioni.<\/p>\n<p>Ma l&#8217;innovazione non si ferma al sistema EST. Il rivestimento della termocucina \u00e8 realizzato interamente in maiolica, con grande attenzione alla qualit\u00e0 estetica. La maiolica, prodotta a mano, conferisce a Ylenya un aspetto distintivo e raffinato, che si sposa perfettamente con qualsiasi tipo di ambiente domestico.<\/p>\n<p>Oltre alla sua estetica accattivante, la termocucina Ylenya offre anche prestazioni eccezionali. Dotata di un ampio piano cottura e di un forno smaltato, \u00e8 in grado di gestire la preparazione di una vasta gamma di pietanze, soddisfacendo cos\u00ec le esigenze di ogni tipo di cuoco, dai principianti agli chef pi\u00f9 esperti.<\/p>\n<p>In conclusione, Ylenya si distingue come un prodotto che unisce con successo tradizione e innovazione, offrendo non solo un design accattivante e una qualit\u00e0 costruttiva impeccabile, ma anche prestazioni di alto livello che soddisfano le esigenze dei consumatori pi\u00f9 esigenti.<\/p>\n","protected":false},"featured_media":41105,"template":"","meta":{"_acf_changed":false},"product_brand":[],"product_cat":[1693,1721],"product_tag":[2321],"class_list":{"0":"post-41104","1":"product","2":"type-product","3":"status-publish","4":"has-post-thumbnail","6":"product_cat-magikal","7":"product_cat-termocucine-a-legna","8":"product_tag-termocucine-a-legna-magikal","9":"product_shipping_class-termocucine-a-legna","10":"pa_colore-beige","11":"pa_colore-bianco-antico","12":"pa_colore-bordeaux","13":"pa_colore-cuoio","14":"pa_colore-rosso-cardinale","15":"pa_colore-tabacco","16":"pa_colore-terra-dei-lessini","17":"pa_colore-verde-dei-berici","18":"pa_versione-con-acqua-calda-sanitaria","19":"pa_versione-senza-acqua-calda-sanitaria","20":"sales-flash-overlay","21":"woocommerce-text-align-center","22":"woocommerce-image-align-center","23":"do-quantity-buttons","25":"first","26":"instock","27":"taxable","28":"shipping-taxable","29":"product-type-variable"},"acf":[],"_links":{"self":[{"href":"https:\/\/www.kalorus.com\/it\/wp-json\/wp\/v2\/product\/41104","targetHints":{"allow":["GET"]}}],"collection":[{"href":"https:\/\/www.kalorus.com\/it\/wp-json\/wp\/v2\/product"}],"about":[{"href":"https:\/\/www.kalorus.com\/it\/wp-json\/wp\/v2\/types\/product"}],"wp:featuredmedia":[{"embeddable":true,"href":"https:\/\/www.kalorus.com\/it\/wp-json\/wp\/v2\/media\/41105"}],"wp:attachment":[{"href":"https:\/\/www.kalorus.com\/it\/wp-json\/wp\/v2\/media?parent=41104"}],"wp:term":[{"taxonomy":"product_brand","embeddable":true,"href":"https:\/\/www.kalorus.com\/it\/wp-json\/wp\/v2\/product_brand?post=41104"},{"taxonomy":"product_cat","embeddable":true,"href":"https:\/\/www.kalorus.com\/it\/wp-json\/wp\/v2\/product_cat?post=41104"},{"taxonomy":"product_tag","embeddable":true,"href":"https:\/\/www.kalorus.com\/it\/wp-json\/wp\/v2\/product_tag?post=41104"}],"curies":[{"name":"wp","href":"https:\/\/api.w.org\/{rel}","templated":true}]}}