{"id":38395,"date":"2025-01-18T01:31:03","date_gmt":"2025-01-18T00:31:03","guid":{"rendered":"https:\/\/www.kalorus.com\/prodotto\/caminetto-elettrico-skope-trento-70-w-gazco\/"},"modified":"2025-01-18T01:31:08","modified_gmt":"2025-01-18T00:31:08","slug":"caminetto-elettrico-skope-trento-70-w-gazco","status":"publish","type":"product","link":"https:\/\/www.kalorus.com\/it\/prodotto\/caminetto-elettrico-skope-trento-70-w-gazco\/","title":{"rendered":"Caminetto elettrico SKOPE TRENTO 70 W &#8211; Gazco"},"content":{"rendered":"<ul>\n<li>Dimensioni camino a parete (l x a x p): 1440 x 61 x 30 cm<\/li>\n<li>Dimensioni camino ad angolo (l x a x p): 1083 x 61 x 30 cm<\/li>\n<li>Potenza termica: zero o 1 o 2 kW<\/li>\n<li>Programmabilit&agrave; settimanale: si, tramite telecomando<\/li>\n<li>Regolazione potenza &amp; luminosit&agrave;: tramite telecomando<\/li>\n<li>Regolazione termostatica della potenza: tramite telecomando<\/li>\n<li>Colori fiamma a scelta: arancione, blu o mix arancione\/blu<\/li>\n<li>Rivestimento a scelta sulla base: ceppi di legna, ciottoli grigi e chiari o effetto ghiaccio<\/li>\n<li>Scarico fumi: NO canna fumaria<\/li>\n<li>Possibilit&agrave; utilizzo senza riscaldamento: si<\/li>\n<li>Installazione: incasso con o senza lati vetrati<\/li>\n<\/ul>\n","protected":false},"excerpt":{"rendered":"<p>I camini d&#8217;incasso della serie Skope  si contraddistinguono da altri per il loro gioco di fiamme che sembrano vere!<\/p>\n<p>Il camino elettrico Skope Trento 70W \u00e8 il pi\u00f9 piccolo della serie con il quale si pu\u00f2 vedere il fuoco da 2 o 3 lati, pu\u00f2 essere inserito in una costruzione di cartongesso, legno o qualsiasi altro materiale e vi porta via pochissimo spazio perch\u00e8 \u00e8 profondo solo 27,6 cm. Viene regolato in modo semplice e comodo con l&#8217;ausilio di un telecomando.<\/p>\n<p>Con due impostazioni di potenza termica, quattro livelli di luminosit\u00e0 e tre diverse colorazioni della fiamma \u00e8 possibile creare l&#8217;atmosfera perfetta per ogni ambiente. Basta collegare il vostro Skope Trento 70W a una presa elettrica e godere dell&#8217;effetto fiamme creato dalla apposita tecnologia LED.<\/p>\n<p>Per ambienti pi\u00f9 spaziosi si propone il modello Skope Trento110W<\/p>\n","protected":false},"featured_media":38396,"template":"","meta":{"_acf_changed":false},"product_brand":[],"product_cat":[1645,1676],"product_tag":[1854],"class_list":{"0":"post-38395","1":"product","2":"type-product","3":"status-publish","4":"has-post-thumbnail","6":"product_cat-caminetti-elettrici","7":"product_cat-gazco","8":"product_tag-caminetti-elettrici-gazco","9":"product_shipping_class-caminetti-elettrici","10":"pa_versione-destro","11":"pa_versione-frontale","12":"pa_versione-sinistro","13":"sales-flash-overlay","14":"woocommerce-text-align-center","15":"woocommerce-image-align-center","16":"do-quantity-buttons","18":"first","19":"instock","20":"taxable","21":"shipping-taxable","22":"purchasable","23":"product-type-variable"},"acf":[],"_links":{"self":[{"href":"https:\/\/www.kalorus.com\/it\/wp-json\/wp\/v2\/product\/38395","targetHints":{"allow":["GET"]}}],"collection":[{"href":"https:\/\/www.kalorus.com\/it\/wp-json\/wp\/v2\/product"}],"about":[{"href":"https:\/\/www.kalorus.com\/it\/wp-json\/wp\/v2\/types\/product"}],"wp:featuredmedia":[{"embeddable":true,"href":"https:\/\/www.kalorus.com\/it\/wp-json\/wp\/v2\/media\/38396"}],"wp:attachment":[{"href":"https:\/\/www.kalorus.com\/it\/wp-json\/wp\/v2\/media?parent=38395"}],"wp:term":[{"taxonomy":"product_brand","embeddable":true,"href":"https:\/\/www.kalorus.com\/it\/wp-json\/wp\/v2\/product_brand?post=38395"},{"taxonomy":"product_cat","embeddable":true,"href":"https:\/\/www.kalorus.com\/it\/wp-json\/wp\/v2\/product_cat?post=38395"},{"taxonomy":"product_tag","embeddable":true,"href":"https:\/\/www.kalorus.com\/it\/wp-json\/wp\/v2\/product_tag?post=38395"}],"curies":[{"name":"wp","href":"https:\/\/api.w.org\/{rel}","templated":true}]}}