{"id":38005,"date":"2025-01-18T01:30:32","date_gmt":"2025-01-18T00:30:32","guid":{"rendered":"https:\/\/www.kalorus.com\/prodotto\/caldaia-legna-pellet-prestige-power-self-cleaning-carinci\/"},"modified":"2025-01-18T01:30:38","modified_gmt":"2025-01-18T00:30:38","slug":"caldaia-legna-pellet-prestige-power-self-cleaning-carinci","status":"publish","type":"product","link":"https:\/\/www.kalorus.com\/it\/prodotto\/caldaia-legna-pellet-prestige-power-self-cleaning-carinci\/","title":{"rendered":"Caldaia legna-pellet PRESTIGE POWER SELF CLEANING &#8211; Carinci"},"content":{"rendered":"","protected":false},"excerpt":{"rendered":"<p><strong>3 caldaie in un solo prodotto<\/strong><\/p>\n<p>La nuova Prestige Power \u00e8 una caldaia per riscaldamento e produzione A.C.S. funzionante a pellet e a legna.<\/p>\n<p>La Tecnologia Combinata Carinci, presente in essa, permette l&#8217;accensione programmata in automatico a pellet e a legna<\/p>\n<p><strong>PUO&#8217; ESSERE ALIMENTATA:<\/strong><\/p>\n<p>\u2022 Solo con il pellet ( combustibili triti )<\/p>\n<p>\u2022 Solo con la legna<\/p>\n<p>\u2022 In combinata pellet \u2013 legna<\/p>\n<p>La Tecnologia Combinata Carinci della Prestige permette di passare da un combustibile all&#8217;altro in modo automatico. Pu\u00f2 essere caricata a legna e programmare l&#8217;accensione. Terminata la legna, pu\u00f2 continuare a riscaldare passando in automatico al pellet. La nuova Caldaia Carinci Prestige \u00e8 indicata per chi desidera avere la doppia alimentazione sia a pellet che a legna.<\/p>\n<p><strong>Noi facciamo la differenza<\/strong><\/p>\n<p>La Caldaia Prestige Power dispone dell&#8217;innovativo kit pellet special, realizzato con componenti maggiorati e robusti al fine di ottenere un sistema di alimentazione estremamente affidabile, anche in presenza di combustibili non normalizzati.<\/p>\n<p>L&#8217;innovativo kit pellet Special Carinci \u00e8 stato progettato e realizzato per garantire estrema silenziosit\u00e0 e affidabilit\u00e0 nel tempo.<\/p>\n<p>Il kit pellet \u00e8 composto da un monoblocco in lega di alluminio anticorrosione rettificato da una fresatrice a controllo numerico per garantire un perfetto allineamento di assemblaggio dei vari componenti.<\/p>\n<p>Il KIT \u00e8 composto da un motore antibloccaggio, due coclee in acciaio inox, doppia catena di trasmissione e vari accessori di fissaggio.<\/p>\n<p>Le coclee in acciaio inox, per il trasporto del combustibile, sono perfettamente allineate grazie all&#8217;innovativo sistema di fissaggio.<\/p>\n<p>Inoltre sono dotate di cuscinetti sferoidali, resistenti alle alte temperature, che consentono una rotazione fluida ed estremamente silenziosa.<\/p>\n<p>L&#8217;innovativo corpo caldaia della Prestige Power Self Cleaning \u00e8 stato progettato e realizzato per garantire affidabilit\u00e0 e una lunga durata nel tempo.<\/p>\n<p>Il corpo caldaia, realizzato con lamiera decapata in acciaio al carbonio dello spessore di 5mm \u00e8 coibentato con materiale isolante, contiene i passaggi fumo a forma cilindrica con all&#8217;interno turbolatori a molla in acciaio, lo scambiatore sanitario e lo scambiatore per la dissipazione di calore residuo.<\/p>\n<p>La caldaia Prestige Power \u00e8 dotata di tre porte coibentate, due per la camera di combustione e una di protezione esterna per ridurre le dispersioni di calore.<\/p>\n<p>La caldaia \u00e8 inoltre dotata degli accessi necessari per il collegamento all&#8217;impianto di riscaldamento e all&#8217;impianto sanitario<\/p>\n<p><strong>Dotazione di serie<\/strong><\/p>\n<p>Centralina di gestione programmabile con pannello touch screen da 7,5 pollici che consente una semplice configurazione per diverse tipologie di impianto<\/p>\n<p>Sonda puffer<\/p>\n<p>Sistema \u201cACQUAPLUS\u201d Produzione A.C.S. in rame alettato ad alto rendimento<\/p>\n<p>Sistema di pulizia automatico scambiatori di calore<\/p>\n<p>Sistema di raccolta ceneri con compattatore estraibile con ruote<\/p>\n<p>Capiente serbatoio pellet laterale 140kg<\/p>\n<p>KIT PELLET SPECIAL LATERALE ( motore pi\u00f9 potente, condotto pellet pi\u00f9 grande con coclee e bruciatore maggiorati)<\/p>\n<p>Accessori per il collegamento all&#8217;impianto solo su modello 270 \u2013 350<\/p>\n<p>Predisposizione Kit Infinity (sistema di alimentazione pellet a distanza)<\/p>\n<p><strong>Pulizia Automatica Camera di combustione<\/strong><\/p>\n<p>Il Kit di pulizia automatico installato sulla caldaia Prestige Power, mantiene sempre pulito il vano della camera di deposito ceneri. Mediante un sistema di trasmissione con coclea in acciaio inox, trasportando le ceneri prodotte dalla combustione nell&#8217;apposito compattatore.<\/p>\n<p><strong>Pulizia Automatica degli scambiatori di calore<\/strong><\/p>\n<p>La caldaia Prestige Power \u00e8 dotata al suo interno di turbolatori in acciaio a molla, con un sistema innovativo di pulizia motorizzato. Il sistema di pulizia degli scambiatori di calore fa oscillare il bilancere onde ottenere una costante pulizia dei passaggi fumo in modo automatico ed efficace.<\/p>\n<p><strong>Pratico ed efficace Compattatore cenere<\/strong><\/p>\n<p>Il Kit Compattatore Ceneri installato sulla caldaia Prestige Power facilita la pulizia della cenere generata dalla combustione. L&#8217;apposito compattatore, nel quale sar\u00e0 possibile constatare in ogni momento il livello delle ceneri residue, tramite un occhiello di ispezione. Una volta riempito potr\u00e0 essere estratto e svuotato con semplicit\u00e0.<\/p>\n","protected":false},"featured_media":38006,"template":"","meta":{"_acf_changed":false},"product_brand":[],"product_cat":[1639,1665],"product_tag":[2039],"class_list":{"0":"post-38005","1":"product","2":"type-product","3":"status-publish","4":"has-post-thumbnail","6":"product_cat-caldaie-policombustibili","7":"product_cat-carinci","8":"product_tag-caldaie-policombustibili-carinci","9":"product_shipping_class-caldaie-policombustibili","10":"pa_potenza-27-kw","11":"pa_potenza-35-kw","12":"pa_versione-ac-solo-riscaldamento","13":"pa_versione-acs-acqua-calda-sanitaria","14":"sales-flash-overlay","15":"woocommerce-text-align-center","16":"woocommerce-image-align-center","17":"do-quantity-buttons","19":"first","20":"instock","21":"taxable","22":"shipping-taxable","23":"product-type-variable"},"acf":[],"_links":{"self":[{"href":"https:\/\/www.kalorus.com\/it\/wp-json\/wp\/v2\/product\/38005","targetHints":{"allow":["GET"]}}],"collection":[{"href":"https:\/\/www.kalorus.com\/it\/wp-json\/wp\/v2\/product"}],"about":[{"href":"https:\/\/www.kalorus.com\/it\/wp-json\/wp\/v2\/types\/product"}],"wp:featuredmedia":[{"embeddable":true,"href":"https:\/\/www.kalorus.com\/it\/wp-json\/wp\/v2\/media\/38006"}],"wp:attachment":[{"href":"https:\/\/www.kalorus.com\/it\/wp-json\/wp\/v2\/media?parent=38005"}],"wp:term":[{"taxonomy":"product_brand","embeddable":true,"href":"https:\/\/www.kalorus.com\/it\/wp-json\/wp\/v2\/product_brand?post=38005"},{"taxonomy":"product_cat","embeddable":true,"href":"https:\/\/www.kalorus.com\/it\/wp-json\/wp\/v2\/product_cat?post=38005"},{"taxonomy":"product_tag","embeddable":true,"href":"https:\/\/www.kalorus.com\/it\/wp-json\/wp\/v2\/product_tag?post=38005"}],"curies":[{"name":"wp","href":"https:\/\/api.w.org\/{rel}","templated":true}]}}