{"id":37737,"date":"2025-01-18T01:30:12","date_gmt":"2025-01-18T00:30:12","guid":{"rendered":"https:\/\/www.kalorus.com\/prodotto\/caldaia-a-legna-a-gassificazione-ma-maga\/"},"modified":"2025-01-18T01:30:15","modified_gmt":"2025-01-18T00:30:15","slug":"caldaia-a-legna-a-gassificazione-ma-maga","status":"publish","type":"product","link":"https:\/\/www.kalorus.com\/it\/prodotto\/caldaia-a-legna-a-gassificazione-ma-maga\/","title":{"rendered":"Caldaia a legna a gassificazione MA &#8211; Maga"},"content":{"rendered":"<ul>\n<li>Alta efficienza<\/li>\n<li>Combustione di ciocchi di legna (55 cm)<\/li>\n<li>Funzionamento e pulizia facili<\/li>\n<li>Centralina elettronica multilingue o pittogramma<\/li>\n<li>Lungo tempo di combustione (8-12 ore)<\/li>\n<li>Potente aspiratore<\/li>\n<li>Spegnimento automatico della ventola e della pompa in caso&nbsp; di esaurimento del carburante<\/li>\n<li>Parti in ceramica di lunga durata<\/li>\n<\/ul>\n","protected":false},"excerpt":{"rendered":"<p>Combustione continua per 8-12 ore a pieno carico.<\/p>\n<p>Le caldaie a gassificazione  MA sono progettate per il riscaldamento economico ed ecologico di case unifamiliari, cottage, piccole aziende, officine e strutture simili. Rappresentano il modo pi\u00f9 efficiente di combustione della legna.<\/p>\n<p>Il corpo interno della caldaia \u00e8 realizzato in acciaio di alta qualit\u00e0 (acciaio americano) con uno spessore di 6 mm. Il vantaggio principale \u00e8 la costruzione semplice, composta da camera di alimentazione e di combustione, ugello refrattario altamente resistente e ceramica post-combustione, scambiatore di calore a tubi e isolamento minerale.<\/p>\n<p>Il processo di combustione a due fasi inizia con la combustione ordinaria, successivamente passa alla modalit\u00e0 di gassificazione, aumentando l&#8217;efficienza della combustione fino al 92%. La gassificazione avviene ad alta temperatura (circa 1200 \u00b0C).<br \/>Altri vantaggi includono alta affidabilit\u00e0, basso consumo di legna, bassa presenza, funzionamento senza polvere, combustione di legno tenero e duro, ampia camera di alimentazione, scarti minimi e funzione di accensione\/spegnimento automatica della ventola e della pompa.<\/p>\n","protected":false},"featured_media":37738,"template":"","meta":{"_acf_changed":false},"product_brand":[],"product_cat":[1637,1692],"product_tag":[2006],"class_list":{"0":"post-37737","1":"product","2":"type-product","3":"status-publish","4":"has-post-thumbnail","6":"product_cat-caldaie-a-legna","7":"product_cat-maga","8":"product_tag-caldaie-a-legna-maga","9":"product_shipping_class-caldaie-a-legna","10":"pa_potenza-20-kw","11":"pa_potenza-25-kw","12":"pa_potenza-31-kw","13":"pa_potenza-40-kw","14":"pa_potenza-49-kw","15":"pa_potenza-80-kw","16":"sales-flash-overlay","17":"woocommerce-text-align-center","18":"woocommerce-image-align-center","19":"do-quantity-buttons","21":"first","22":"instock","23":"taxable","24":"shipping-taxable","25":"purchasable","26":"product-type-variable"},"acf":[],"_links":{"self":[{"href":"https:\/\/www.kalorus.com\/it\/wp-json\/wp\/v2\/product\/37737","targetHints":{"allow":["GET"]}}],"collection":[{"href":"https:\/\/www.kalorus.com\/it\/wp-json\/wp\/v2\/product"}],"about":[{"href":"https:\/\/www.kalorus.com\/it\/wp-json\/wp\/v2\/types\/product"}],"wp:featuredmedia":[{"embeddable":true,"href":"https:\/\/www.kalorus.com\/it\/wp-json\/wp\/v2\/media\/37738"}],"wp:attachment":[{"href":"https:\/\/www.kalorus.com\/it\/wp-json\/wp\/v2\/media?parent=37737"}],"wp:term":[{"taxonomy":"product_brand","embeddable":true,"href":"https:\/\/www.kalorus.com\/it\/wp-json\/wp\/v2\/product_brand?post=37737"},{"taxonomy":"product_cat","embeddable":true,"href":"https:\/\/www.kalorus.com\/it\/wp-json\/wp\/v2\/product_cat?post=37737"},{"taxonomy":"product_tag","embeddable":true,"href":"https:\/\/www.kalorus.com\/it\/wp-json\/wp\/v2\/product_tag?post=37737"}],"curies":[{"name":"wp","href":"https:\/\/api.w.org\/{rel}","templated":true}]}}