{"id":37399,"date":"2025-01-18T01:29:46","date_gmt":"2025-01-18T00:29:46","guid":{"rendered":"https:\/\/www.kalorus.com\/prodotto\/barbecue-a-gas-2-fuochi-con-tavolo-cm-71-b-e-p\/"},"modified":"2025-01-18T01:29:49","modified_gmt":"2025-01-18T00:29:49","slug":"barbecue-a-gas-2-fuochi-con-tavolo-cm-71-b-e-p","status":"publish","type":"product","link":"https:\/\/www.kalorus.com\/it\/prodotto\/barbecue-a-gas-2-fuochi-con-tavolo-cm-71-b-e-p\/","title":{"rendered":"Barbecue a gas 2 fuochi con tavolo cm. 71 &#8211; B. e P."},"content":{"rendered":"<h2>Funzionamento a GAS GPL<\/h2>\n<p>Costruito intermente in acciaio inox e materiali per uso alimentare, con bruciatori di qualit&agrave; superiore, i nostri prodotti sono il massimo per una clientela attenta alla salute personale ed alla salvaguardia dell&#8217;ambiente. Tavolo in ferro zincato.<\/p>\n<ul>\n<li>Misure ingombro: 710x480x170<\/li>\n<li>Altezza tavolo: 700<\/li>\n<li>Potenza: 5,4 kW<\/li>\n<li>Griglia utile: 600&times;400<\/li>\n<\/ul>\n<h2>OPTIONAL<\/h2>\n<ul>\n<li>Paravento<\/li>\n<li>Piastra lavica 35x40x2<\/li>\n<li>Piastra lavica 50x40x2<\/li>\n<li>Piastra inox 35x40x0,5<\/li>\n<li>Griglia piccola 30&#215;40<\/li>\n<li>Kit montaggio ruote<\/li>\n<\/ul>\n","protected":false},"excerpt":{"rendered":"<p>BARBECUE MODELLO 2 FUOCHI.<\/p>\n<p>La perla dei classici. E&#8217; stato il precursore di tutta la fortunata linea ed ormai \u00e8 diventato stadard di prestazioni per la categoria. Ideale per le famiglie \u00e8 apprezzato da tutti per la versatilit\u00e0 di utilizzo.<\/p>\n<p>TUTTI I NOSTRI PRODOTTI SONO VENDUTI CON IL TAVOLO.<\/p>\n","protected":false},"featured_media":37400,"template":"","meta":{"_acf_changed":false},"product_brand":[],"product_cat":[1659,1632],"product_tag":[1954],"class_list":{"0":"post-37399","1":"product","2":"type-product","3":"status-publish","4":"has-post-thumbnail","6":"product_cat-b-e-p","7":"product_cat-barbecue-a-gas","8":"product_tag-barbecue-a-gas-b-e-p","9":"product_shipping_class-barbecue-a-gas","10":"pa_versione-con-coperchio","11":"pa_versione-con-fornellone-griglia-e-coperchio","12":"pa_versione-senza-coperchio","13":"sales-flash-overlay","14":"woocommerce-text-align-center","15":"woocommerce-image-align-center","16":"do-quantity-buttons","18":"first","19":"instock","20":"taxable","21":"shipping-taxable","22":"purchasable","23":"product-type-variable"},"acf":[],"_links":{"self":[{"href":"https:\/\/www.kalorus.com\/it\/wp-json\/wp\/v2\/product\/37399","targetHints":{"allow":["GET"]}}],"collection":[{"href":"https:\/\/www.kalorus.com\/it\/wp-json\/wp\/v2\/product"}],"about":[{"href":"https:\/\/www.kalorus.com\/it\/wp-json\/wp\/v2\/types\/product"}],"wp:featuredmedia":[{"embeddable":true,"href":"https:\/\/www.kalorus.com\/it\/wp-json\/wp\/v2\/media\/37400"}],"wp:attachment":[{"href":"https:\/\/www.kalorus.com\/it\/wp-json\/wp\/v2\/media?parent=37399"}],"wp:term":[{"taxonomy":"product_brand","embeddable":true,"href":"https:\/\/www.kalorus.com\/it\/wp-json\/wp\/v2\/product_brand?post=37399"},{"taxonomy":"product_cat","embeddable":true,"href":"https:\/\/www.kalorus.com\/it\/wp-json\/wp\/v2\/product_cat?post=37399"},{"taxonomy":"product_tag","embeddable":true,"href":"https:\/\/www.kalorus.com\/it\/wp-json\/wp\/v2\/product_tag?post=37399"}],"curies":[{"name":"wp","href":"https:\/\/api.w.org\/{rel}","templated":true}]}}