{"id":36525,"date":"2025-01-18T01:18:09","date_gmt":"2025-01-18T00:18:09","guid":{"rendered":"https:\/\/www.kalorus.com\/prodotto\/stufa-a-pellet-senza-elettricita-sofia-natural-air-8-kw-laminox\/"},"modified":"2025-01-18T01:18:13","modified_gmt":"2025-01-18T00:18:13","slug":"stufa-a-pellet-senza-elettricita-sofia-natural-air-8-kw-laminox","status":"publish","type":"product","link":"https:\/\/www.kalorus.com\/it\/prodotto\/stufa-a-pellet-senza-elettricita-sofia-natural-air-8-kw-laminox\/","title":{"rendered":"Stufa a pellet senza elettricit\u00e0 SOFIA NATURAL Air 8 kW &#8211; Laminox"},"content":{"rendered":"<ul>\n<li>Ventilazione aria calda a convenzione naturale<\/li>\n<li>Autonomia minmax: 6,3 20 h<\/li>\n<li>Potenza irraggiata 7,0 kW<\/li>\n<li>Potenza globale 7,9kW<\/li>\n<li>Rendimento 88,5%<\/li>\n<li>Scarico fumi &Oslash; 120 mm<\/li>\n<li>Dimensioni 572x553x1151<\/li>\n<li>Peso 89 kg<\/li>\n<li>Canalizzazione no<\/li>\n<li>Certificazione ambientale 5 stelle.<\/li>\n<\/ul>\n","protected":false},"excerpt":{"rendered":"<p>SOFIA NATURAL AIR \u00e8 una stufa a pellet che funziona senza elettricit\u00e0. Si accende manualmente con un accendifuoco ecologico. Per effetto della gravit\u00e0 il pellet presente nel serbatoio rinnova continuamente il pellet presente nel bracere, spingendo la cenere nel vano inferiore. Queste funzioni non necessitano di alcun supporto elettrico o elettronico.<\/p>\n<p>Non avendo motori o ventilatori \u00e8 assolutamente silenziosa, progettata nel rispetto di tutte le norme di sicurezza e facilissima da usare. Uno dei vantaggi \u00e8 la totale assenza di costi di sostituzione di componenti elettrici ed elettronici. La forma della camera di combustione, il bracere inox brevettato ed il sistema post combustione assicurano un rendimento del 88,5 % ed un livello estremamente bassi di emissioni CO 0,004 polveri 4 mg.\/Nm3.<\/p>\n<p>Stufa a pellet Air ermetica e a tiraggio naturale 5 stelle, non necessita di alcun supporto elettrico o elettronico. Ideale in tutte le situazioni dove non vi \u00e8 un allaccio alla rete elettrica come, ad esempio, rifugi di montagna.<\/p>\n","protected":false},"featured_media":36526,"template":"","meta":{"_acf_changed":false},"product_brand":[],"product_cat":[1689,1714],"product_tag":[1944],"class_list":{"0":"post-36525","1":"product","2":"type-product","3":"status-publish","4":"has-post-thumbnail","6":"product_cat-laminox-idro","7":"product_cat-stufe-a-pellet-senza-elettricita","8":"product_tag-stufe-a-pellet-senza-elettricita-laminox-idro","9":"product_shipping_class-stufe-a-pellet-senza-elettricita","10":"pa_colore-bianco","11":"pa_colore-bordeaux","12":"pa_colore-bronzo","13":"pa_colore-grigio-alluminio","14":"pa_colore-nero-lucido","15":"pa_colore-nero-raggrinzante","16":"sales-flash-overlay","17":"woocommerce-text-align-center","18":"woocommerce-image-align-center","19":"do-quantity-buttons","21":"first","22":"instock","23":"taxable","24":"shipping-taxable","25":"purchasable","26":"product-type-variable"},"acf":[],"_links":{"self":[{"href":"https:\/\/www.kalorus.com\/it\/wp-json\/wp\/v2\/product\/36525","targetHints":{"allow":["GET"]}}],"collection":[{"href":"https:\/\/www.kalorus.com\/it\/wp-json\/wp\/v2\/product"}],"about":[{"href":"https:\/\/www.kalorus.com\/it\/wp-json\/wp\/v2\/types\/product"}],"wp:featuredmedia":[{"embeddable":true,"href":"https:\/\/www.kalorus.com\/it\/wp-json\/wp\/v2\/media\/36526"}],"wp:attachment":[{"href":"https:\/\/www.kalorus.com\/it\/wp-json\/wp\/v2\/media?parent=36525"}],"wp:term":[{"taxonomy":"product_brand","embeddable":true,"href":"https:\/\/www.kalorus.com\/it\/wp-json\/wp\/v2\/product_brand?post=36525"},{"taxonomy":"product_cat","embeddable":true,"href":"https:\/\/www.kalorus.com\/it\/wp-json\/wp\/v2\/product_cat?post=36525"},{"taxonomy":"product_tag","embeddable":true,"href":"https:\/\/www.kalorus.com\/it\/wp-json\/wp\/v2\/product_tag?post=36525"}],"curies":[{"name":"wp","href":"https:\/\/api.w.org\/{rel}","templated":true}]}}