{"id":26513,"date":"2025-01-14T01:15:50","date_gmt":"2025-01-14T00:15:50","guid":{"rendered":"https:\/\/www.kalorus.com\/prodotto\/camino-a-legna-ad-angolo-e-parete-angle-9-5-kw-rocal\/"},"modified":"2025-01-14T01:16:11","modified_gmt":"2025-01-14T00:16:11","slug":"camino-a-legna-ad-angolo-e-parete-angle-9-5-kw-rocal","status":"publish","type":"product","link":"https:\/\/www.kalorus.com\/it\/prodotto\/camino-a-legna-ad-angolo-e-parete-angle-9-5-kw-rocal\/","title":{"rendered":"Camino a legna ad angolo e parete ANGLE 9,5 kW &#8211; Rocal"},"content":{"rendered":"<ul>\n<li>Struttura in acciaio di alto spessore verniciato nero<\/li>\n<li>Potenza nominale: 7,25 kW<\/li>\n<li>Rendimento: 81,3%<\/li>\n<li>Emissioni polveri: CO al 13% O2 = 0,09%<\/li>\n<li>Peso: 139 kg<\/li>\n<li>Presa aria: esterna<\/li>\n<li>Dimensioni: 883 x 2781 x 349<\/li>\n<li>Certificazione: UNE-EN 13240<\/li>\n<\/ul>\n","protected":false},"excerpt":{"rendered":"<p>Questo modello si distingue per la sua versatilit\u00e0: pu\u00f2 essere installato in un angolo o frontale. Pu\u00f2 inoltre essere installato a parete con un supporto girevole.<\/p>\n","protected":false},"featured_media":26514,"template":"","meta":{"_acf_changed":false},"product_brand":[],"product_cat":[1644,1698],"product_tag":[1874],"class_list":{"0":"post-26513","1":"product","2":"type-product","3":"status-publish","4":"has-post-thumbnail","6":"product_cat-caminetti-di-design","7":"product_cat-rocal","8":"product_tag-caminetti-rocal","9":"product_shipping_class-caminetti-di-design","10":"sales-flash-overlay","11":"woocommerce-text-align-center","12":"woocommerce-image-align-center","13":"do-quantity-buttons","15":"first","16":"instock","17":"taxable","18":"shipping-taxable","19":"purchasable","20":"product-type-simple"},"acf":[],"_links":{"self":[{"href":"https:\/\/www.kalorus.com\/it\/wp-json\/wp\/v2\/product\/26513","targetHints":{"allow":["GET"]}}],"collection":[{"href":"https:\/\/www.kalorus.com\/it\/wp-json\/wp\/v2\/product"}],"about":[{"href":"https:\/\/www.kalorus.com\/it\/wp-json\/wp\/v2\/types\/product"}],"wp:featuredmedia":[{"embeddable":true,"href":"https:\/\/www.kalorus.com\/it\/wp-json\/wp\/v2\/media\/26514"}],"wp:attachment":[{"href":"https:\/\/www.kalorus.com\/it\/wp-json\/wp\/v2\/media?parent=26513"}],"wp:term":[{"taxonomy":"product_brand","embeddable":true,"href":"https:\/\/www.kalorus.com\/it\/wp-json\/wp\/v2\/product_brand?post=26513"},{"taxonomy":"product_cat","embeddable":true,"href":"https:\/\/www.kalorus.com\/it\/wp-json\/wp\/v2\/product_cat?post=26513"},{"taxonomy":"product_tag","embeddable":true,"href":"https:\/\/www.kalorus.com\/it\/wp-json\/wp\/v2\/product_tag?post=26513"}],"curies":[{"name":"wp","href":"https:\/\/api.w.org\/{rel}","templated":true}]}}