{"id":26376,"date":"2025-01-14T01:15:28","date_gmt":"2025-01-14T00:15:28","guid":{"rendered":"https:\/\/www.kalorus.com\/prodotto\/stufa-a-gas-mosel-plan-5-kw-oranier\/"},"modified":"2025-01-14T01:15:48","modified_gmt":"2025-01-14T00:15:48","slug":"stufa-a-gas-mosel-plan-5-kw-oranier","status":"publish","type":"product","link":"https:\/\/www.kalorus.com\/it\/prodotto\/stufa-a-gas-mosel-plan-5-kw-oranier\/","title":{"rendered":"Stufa a gas MOSEL PLAN 5 kW &#8211; Oranier"},"content":{"rendered":"<ul>\n<li>Altezza: 780 mm<\/li>\n<li>Larghezza: 510 mm<\/li>\n<li>Profondit&agrave;: 320 mm<\/li>\n<li>Potenza termica nominale: 5,0 kW<\/li>\n<li>Portata termica nominale: 6,1 kW<\/li>\n<li>Peso: 33 kg<\/li>\n<li>Flusso fumi di scarico: 5,83 g\/s<\/li>\n<li>Temperatura dei fumi: 190&deg;C<\/li>\n<li>Depressione min. al camino (tiraggio): 5 Pa<\/li>\n<\/ul>\n","protected":false},"excerpt":{"rendered":"<p>Nei luoghi dove l&#8217;impiego della legna \u00e8 costoso oppure difficile la stufa a gas rappresenta la soluzione ideale, offrendo la stessa comodit\u00e0 di una stufa a pellet, offrendo per\u00f2 allo stesso tempo notevoli vantaggi rispetto a quest\u2019 ultimi.<\/p>\n<p><strong>La Mosel <\/strong>\u00e8 una stufa a gas che viene allacciata alla canna fumaria. La sua camera di combustione \u00e8 particolarmente ampia e grazie al continuo impegno dei nostri tecnici qualificati siamo riusciti a sviluppare una bellissima fiamma.<\/p>\n<p><em>Vernice della stufa:<\/em>  grigio <br \/><em>Tipo di gas:<\/em>  gas metano<br \/><em>Scarico:<\/em>  a tetto tramite canna fumaria<\/p>\n<p><em>Piano superiore optional:<\/em>  pietra ollare <\/p>\n","protected":false},"featured_media":26377,"template":"","meta":{"_acf_changed":false},"product_brand":[],"product_cat":[1694,1706],"product_tag":[1873],"class_list":{"0":"post-26376","1":"product","2":"type-product","3":"status-publish","4":"has-post-thumbnail","6":"product_cat-oranier","7":"product_cat-stufe-a-gas","8":"product_tag-stufe-a-gas-oranier","9":"product_shipping_class-stufe-a-gas","10":"sales-flash-overlay","11":"woocommerce-text-align-center","12":"woocommerce-image-align-center","13":"do-quantity-buttons","15":"first","16":"instock","17":"taxable","18":"shipping-taxable","19":"purchasable","20":"product-type-simple"},"acf":[],"_links":{"self":[{"href":"https:\/\/www.kalorus.com\/it\/wp-json\/wp\/v2\/product\/26376","targetHints":{"allow":["GET"]}}],"collection":[{"href":"https:\/\/www.kalorus.com\/it\/wp-json\/wp\/v2\/product"}],"about":[{"href":"https:\/\/www.kalorus.com\/it\/wp-json\/wp\/v2\/types\/product"}],"wp:featuredmedia":[{"embeddable":true,"href":"https:\/\/www.kalorus.com\/it\/wp-json\/wp\/v2\/media\/26377"}],"wp:attachment":[{"href":"https:\/\/www.kalorus.com\/it\/wp-json\/wp\/v2\/media?parent=26376"}],"wp:term":[{"taxonomy":"product_brand","embeddable":true,"href":"https:\/\/www.kalorus.com\/it\/wp-json\/wp\/v2\/product_brand?post=26376"},{"taxonomy":"product_cat","embeddable":true,"href":"https:\/\/www.kalorus.com\/it\/wp-json\/wp\/v2\/product_cat?post=26376"},{"taxonomy":"product_tag","embeddable":true,"href":"https:\/\/www.kalorus.com\/it\/wp-json\/wp\/v2\/product_tag?post=26376"}],"curies":[{"name":"wp","href":"https:\/\/api.w.org\/{rel}","templated":true}]}}