{"id":25950,"date":"2025-01-14T01:14:24","date_gmt":"2025-01-14T00:14:24","guid":{"rendered":"https:\/\/www.kalorus.com\/prodotto\/caminetto-elettrico-skope-outset-110-w-gazco\/"},"modified":"2025-01-14T01:14:54","modified_gmt":"2025-01-14T00:14:54","slug":"caminetto-elettrico-skope-outset-110-w-gazco","status":"publish","type":"product","link":"https:\/\/www.kalorus.com\/it\/prodotto\/caminetto-elettrico-skope-outset-110-w-gazco\/","title":{"rendered":"Caminetto elettrico SKOPE OUTSET 110 W &#8211; Gazco"},"content":{"rendered":"<ul>\n<li>Dimensioni necessarie per l&rsquo;incasso (l x a x p): 115,4 x 56,9 x 27,6 cm<\/li>\n<li>Dimensioni camino a vista dopo l&rsquo;incasso (l x a): 111 x 35,2 cm<\/li>\n<li>Potenza termica: zero o 1 o 2 kW<\/li>\n<li>Programmabilit&agrave; settimanale: si, tramite telecomando<\/li>\n<li>Regolazione potenza &amp; luminosit&agrave;: tramite telecomando<\/li>\n<li>Regolazione termostatica della potenza: tramite telecomando<\/li>\n<li>Colori fiamma a scelta: arancione, blu o mix arancione\/blu<\/li>\n<li>Rivestimento a scelta sulla base: ceppi di legna, ciottoli grigi e chiari o effetto ghiaccio<\/li>\n<li>Scarico fumi: NO canna fumaria<\/li>\n<li>Possibilit&agrave; utilizzo senza riscaldamento: si<\/li>\n<li>Installazione: incasso con o senza lati vetrati<\/li>\n<\/ul>\n","protected":false},"excerpt":{"rendered":"<p>I camini d&#8217;incasso della serie Skope Outset si contraddistinguono da altri per il loro gioco di fiamme che sembrano vere!<\/p>\n<p>Il camino elettrico Skope Outset 110W \u00e8 il pi\u00f9 grande della serie con il quale si pu\u00f2 vedere il fuoco da 2 o 3 lati, pu\u00f2 essere inserito in una costruzione di cartongesso, legno o qualsiasi altro materiale e vi porta via pochissimo spazio perch\u00e8 \u00e8 profondo solo 27,6 cm. Viene regolato in modo semplice e comodo con l&#8217;ausilio di un telecomando.<\/p>\n<p>Con due impostazioni di potenza termica, quattro livelli di luminosit\u00e0 e tre diverse colorazioni della fiamma \u00e8 possibile creare l&#8217;atmosfera perfetta per ogni ambiente. Basta collegare il vostro Skope Outset 110W a una presa elettrica e godere dell&#8217;effetto fiamme creato dalla apposita tecnologia LED.<\/p>\n<p>Per ambienti meno spaziosi si propone il modello Skope Outset 70W<\/p>\n","protected":false},"featured_media":25951,"template":"","meta":{"_acf_changed":false},"product_brand":[],"product_cat":[1645,1676],"product_tag":[1854],"class_list":{"0":"post-25950","1":"product","2":"type-product","3":"status-publish","4":"has-post-thumbnail","6":"product_cat-caminetti-elettrici","7":"product_cat-gazco","8":"product_tag-caminetti-elettrici-gazco","9":"product_shipping_class-caminetti-elettrici","10":"sales-flash-overlay","11":"woocommerce-text-align-center","12":"woocommerce-image-align-center","13":"do-quantity-buttons","15":"first","16":"instock","17":"taxable","18":"shipping-taxable","19":"purchasable","20":"product-type-simple"},"acf":[],"_links":{"self":[{"href":"https:\/\/www.kalorus.com\/it\/wp-json\/wp\/v2\/product\/25950","targetHints":{"allow":["GET"]}}],"collection":[{"href":"https:\/\/www.kalorus.com\/it\/wp-json\/wp\/v2\/product"}],"about":[{"href":"https:\/\/www.kalorus.com\/it\/wp-json\/wp\/v2\/types\/product"}],"wp:featuredmedia":[{"embeddable":true,"href":"https:\/\/www.kalorus.com\/it\/wp-json\/wp\/v2\/media\/25951"}],"wp:attachment":[{"href":"https:\/\/www.kalorus.com\/it\/wp-json\/wp\/v2\/media?parent=25950"}],"wp:term":[{"taxonomy":"product_brand","embeddable":true,"href":"https:\/\/www.kalorus.com\/it\/wp-json\/wp\/v2\/product_brand?post=25950"},{"taxonomy":"product_cat","embeddable":true,"href":"https:\/\/www.kalorus.com\/it\/wp-json\/wp\/v2\/product_cat?post=25950"},{"taxonomy":"product_tag","embeddable":true,"href":"https:\/\/www.kalorus.com\/it\/wp-json\/wp\/v2\/product_tag?post=25950"}],"curies":[{"name":"wp","href":"https:\/\/api.w.org\/{rel}","templated":true}]}}