{"id":25064,"date":"2025-01-14T01:12:37","date_gmt":"2025-01-14T00:12:37","guid":{"rendered":"https:\/\/www.kalorus.com\/prodotto\/stufa-a-legna-in-ghisa-saga-301-10-kw-dovre\/"},"modified":"2025-01-14T01:12:55","modified_gmt":"2025-01-14T00:12:55","slug":"stufa-a-legna-in-ghisa-saga-301-10-kw-dovre","status":"publish","type":"product","link":"https:\/\/www.kalorus.com\/it\/prodotto\/stufa-a-legna-in-ghisa-saga-301-10-kw-dovre\/","title":{"rendered":"Stufa a legna in ghisa SAGA 301 10 kW &#8211; Dovre"},"content":{"rendered":"<ul>\n<li>Dimensioni: 720 x 740 x 535 mm<\/li>\n<li>Peso: 200 kg<\/li>\n<li>Diametro connessione: 150 mm<\/li>\n<li>Altezza di connessione: 605 mm<\/li>\n<li>Luogo di connessione: sulla parte superiore o posteriore<\/li>\n<li>Potenza nominale: 10 kW<\/li>\n<li>Capacit&agrave;: 140 m&sup3;<\/li>\n<li>Efficienza 79,00%<\/li>\n<li>Emissioni di co (13% o2) 0,06<\/li>\n<li>Particelle di polvere (mg\/nm&sup3;) 22,5<\/li>\n<li>Piano di combustione: fondo refrattario<\/li>\n<li>Pressione minima: 12<\/li>\n<li>Volume fumi: 9,66 g\/s<\/li>\n<li>Lunghezza tronco: 50 cm<\/li>\n<li>Seconda combustione: s&igrave;<\/li>\n<li>Scudo termico: opzionale<\/li>\n<li>Aria esterna: inclusivo<\/li>\n<li>Incremento di temperatura misurato nella sezione di misura: 273 k<\/li>\n<li>Emissioni di nox (13%o2 alla potenza termica nominale &#8211; mg\/nm&sup3;) 113<\/li>\n<\/ul>\n","protected":false},"excerpt":{"rendered":"<p>Saga \u00e8 una serie di stufe a legna dal design arrotondato. La Saga 301 \u00e8 la stufa pi\u00f9 grande di questa serie, con il massimo calore e una vista XXL. Tutte le stufe della gamma Saga hanno un controllo dell&#8217;aria singolo e sono direttamente collegabili all&#8217;aria esterna, con conseguente migliore produzione di calore.<\/p>\n","protected":false},"featured_media":25065,"template":"","meta":{"_acf_changed":false},"product_brand":[],"product_cat":[1668,1707],"product_tag":[1838],"class_list":{"0":"post-25064","1":"product","2":"type-product","3":"status-publish","4":"has-post-thumbnail","6":"product_cat-dovre","7":"product_cat-stufe-a-legna","8":"product_tag-stufe-a-legna-dovre","9":"product_shipping_class-stufe-a-legna","10":"sales-flash-overlay","11":"woocommerce-text-align-center","12":"woocommerce-image-align-center","13":"do-quantity-buttons","15":"first","16":"instock","17":"taxable","18":"shipping-taxable","19":"purchasable","20":"product-type-simple"},"acf":[],"_links":{"self":[{"href":"https:\/\/www.kalorus.com\/it\/wp-json\/wp\/v2\/product\/25064","targetHints":{"allow":["GET"]}}],"collection":[{"href":"https:\/\/www.kalorus.com\/it\/wp-json\/wp\/v2\/product"}],"about":[{"href":"https:\/\/www.kalorus.com\/it\/wp-json\/wp\/v2\/types\/product"}],"wp:featuredmedia":[{"embeddable":true,"href":"https:\/\/www.kalorus.com\/it\/wp-json\/wp\/v2\/media\/25065"}],"wp:attachment":[{"href":"https:\/\/www.kalorus.com\/it\/wp-json\/wp\/v2\/media?parent=25064"}],"wp:term":[{"taxonomy":"product_brand","embeddable":true,"href":"https:\/\/www.kalorus.com\/it\/wp-json\/wp\/v2\/product_brand?post=25064"},{"taxonomy":"product_cat","embeddable":true,"href":"https:\/\/www.kalorus.com\/it\/wp-json\/wp\/v2\/product_cat?post=25064"},{"taxonomy":"product_tag","embeddable":true,"href":"https:\/\/www.kalorus.com\/it\/wp-json\/wp\/v2\/product_tag?post=25064"}],"curies":[{"name":"wp","href":"https:\/\/api.w.org\/{rel}","templated":true}]}}