{"id":42227,"date":"2025-01-14T01:15:50","date_gmt":"2025-01-14T00:15:50","guid":{"rendered":"https:\/\/www.kalorus.com\/prodotto\/cheminee-bois-city-14-1-kw\/"},"modified":"2025-01-18T00:27:41","modified_gmt":"2025-01-17T23:27:41","slug":"cheminee-bois-city-14-1-kw","status":"publish","type":"product","link":"https:\/\/www.kalorus.com\/fr\/prodotto\/cheminee-bois-city-14-1-kw\/","title":{"rendered":"Chemin\u00e9e \u00e0 bois CITY 14,1 kW &#8211; Rocal"},"content":{"rendered":"<ul>\n<li>Structure en acier de grande &eacute;paisseur peint en noir<\/li>\n<li>Puissance nominale: 14,1 kW<\/li>\n<li>Rendement: 85,1 %<\/li>\n<li>&Eacute;missions de particules: CO &agrave; 13% O2 = 0,08%<\/li>\n<li>Poids: 152 kg<\/li>\n<li>Entr&eacute;e d&#8217;air externe<\/li>\n<li>Dimensions: 800 x 450 x 2759<\/li>\n<li>Certification: UNE-EN 13240<\/li>\n<\/ul>\n","protected":false},"excerpt":{"rendered":"<p>Chemin\u00e9e d\u00e9corative et de chauffage adapt\u00e9e pour une installation murale.<\/p>\n","protected":false},"featured_media":26492,"template":"","meta":{"_acf_changed":false},"product_brand":[],"product_cat":[2362,1698],"product_tag":[2500],"class_list":{"0":"post-42227","1":"product","2":"type-product","3":"status-publish","4":"has-post-thumbnail","6":"product_cat-cheminees-design","7":"product_cat-rocal","8":"product_tag-cheminees-rocal","9":"product_shipping_class-caminetti-di-design-2-2","10":"sales-flash-overlay","11":"woocommerce-text-align-center","12":"woocommerce-image-align-center","13":"do-quantity-buttons","15":"first","16":"instock","17":"taxable","18":"shipping-taxable","19":"purchasable","20":"product-type-simple"},"acf":[],"_links":{"self":[{"href":"https:\/\/www.kalorus.com\/fr\/wp-json\/wp\/v2\/product\/42227","targetHints":{"allow":["GET"]}}],"collection":[{"href":"https:\/\/www.kalorus.com\/fr\/wp-json\/wp\/v2\/product"}],"about":[{"href":"https:\/\/www.kalorus.com\/fr\/wp-json\/wp\/v2\/types\/product"}],"wp:featuredmedia":[{"embeddable":true,"href":"https:\/\/www.kalorus.com\/fr\/wp-json\/wp\/v2\/media\/26492"}],"wp:attachment":[{"href":"https:\/\/www.kalorus.com\/fr\/wp-json\/wp\/v2\/media?parent=42227"}],"wp:term":[{"taxonomy":"product_brand","embeddable":true,"href":"https:\/\/www.kalorus.com\/fr\/wp-json\/wp\/v2\/product_brand?post=42227"},{"taxonomy":"product_cat","embeddable":true,"href":"https:\/\/www.kalorus.com\/fr\/wp-json\/wp\/v2\/product_cat?post=42227"},{"taxonomy":"product_tag","embeddable":true,"href":"https:\/\/www.kalorus.com\/fr\/wp-json\/wp\/v2\/product_tag?post=42227"}],"curies":[{"name":"wp","href":"https:\/\/api.w.org\/{rel}","templated":true}]}}