{"id":42155,"date":"2025-01-14T01:15:28","date_gmt":"2025-01-14T00:15:28","guid":{"rendered":"https:\/\/www.kalorus.com\/prodotto\/thermo-poele-bois-fonte-termoisotta-dsa\/"},"modified":"2025-01-18T00:27:30","modified_gmt":"2025-01-17T23:27:30","slug":"thermo-poele-bois-fonte-termoisotta-dsa","status":"publish","type":"product","link":"https:\/\/www.kalorus.com\/fr\/prodotto\/thermo-poele-bois-fonte-termoisotta-dsa\/","title":{"rendered":"Thermo-po\u00eale \u00e0 bois en fonte TERMOISOTTA DSA &#8211; La Nordica &#8211; Extraflame"},"content":{"rendered":"<ul>\n<li>Foyer en acier \/ fonte \/ Nordiker<\/li>\n<li>Structure enti&egrave;rement en fonte &eacute;maill&eacute;e<\/li>\n<li>Tiroir &agrave; cendres amovible<\/li>\n<li>Air primaire et secondaire r&eacute;glable pour une meilleure gestion de la combustion<\/li>\n<li>Syst&egrave;me de post-combustion pour faibles &eacute;missions<\/li>\n<li>Verre c&eacute;ramique<\/li>\n<li>Pr&eacute;paration pour dispositif de s&eacute;curit&eacute; DSA (vanne DSA en option)<\/li>\n<\/ul>\n<p>Ce produit est certifi&eacute; <strong>4 &eacute;toiles<\/strong> selon les exigences d&apos;&eacute;missions et de rendement de la certification <strong>Air Propre<\/strong>.<\/p>\n<ul>\n<li>Puissance thermique nominale : 15,0 kW<\/li>\n<li>Puissance &agrave; l&apos;eau : 8,5 kW-H2O<\/li>\n<li>Surface chauffable : 430 m&sup3;<\/li>\n<li>Rendement : 78,4 %<\/li>\n<li>Dimensions (LxHxP) : 760x775x520 mm<\/li>\n<li>Poids net : 212 kg<\/li>\n<li>Consommation horaire : 4,4 kg\/h<\/li>\n<li>Diam&egrave;tre sortie fum&eacute;es (&Oslash; ) : 150 mm haut<\/li>\n<li>Classe &eacute;nerg&eacute;tique : A<\/li>\n<\/ul>\n","protected":false},"excerpt":{"rendered":"<p>Le po\u00eale \u00e0 bois Termoisotta de Nordica est une solution id\u00e9ale pour ceux qui recherchent des performances \u00e9lev\u00e9es, un design classique et des dimensions compactes. Avec une puissance de 15,0 kW, ce po\u00eale offre un chauffage efficace et confortable pour des espaces allant jusqu&#8217;\u00e0 430 m3, rendant votre maison chaude et accueillante m\u00eame pendant les mois les plus froids.<\/p>\n<p>Malgr\u00e9 ses dimensions r\u00e9duites, le Termoisotta de Nordica ne fait aucun compromis sur la puissance et l&#8217;efficacit\u00e9. Gr\u00e2ce \u00e0 sa structure bien con\u00e7ue et \u00e0 sa technologie avanc\u00e9e, il est capable de g\u00e9n\u00e9rer une chaleur constante et uniforme, garantissant un confort maximal sans gaspillage d&#8217;\u00e9nergie.<\/p>\n<p>Le design classique du Termoisotta de Nordica s&#8217;int\u00e8gre parfaitement dans tout environnement domestique, ajoutant une touche d&#8217;\u00e9l\u00e9gance et de tradition. Ses lignes \u00e9pur\u00e9es et sa finition de haute qualit\u00e9 lui conf\u00e8rent une apparence raffin\u00e9e et intemporelle, faisant de ce po\u00eale non seulement une source de chaleur, mais aussi un \u00e9l\u00e9ment de d\u00e9coration qui valorise l&#8217;espace environnant.<\/p>\n<p>De plus, le Termoisotta de Nordica est \u00e9quip\u00e9 d&#8217;un dispositif de s\u00e9curit\u00e9 DSA (Dispositif de S\u00e9curit\u00e9 Anti-Feu), garantissant une protection maximale contre les risques d&#8217;incendies accidentels. Cela vous permet de profiter de la chaleur du feu en toute s\u00e9r\u00e9nit\u00e9, sachant que votre maison est en s\u00e9curit\u00e9.<\/p>\n","protected":false},"featured_media":26270,"template":"","meta":{"_acf_changed":false},"product_brand":[],"product_cat":[1687,2442],"product_tag":[2493],"class_list":{"0":"post-42155","1":"product","2":"type-product","3":"status-publish","4":"has-post-thumbnail","6":"product_cat-la-nordica-extraflame","7":"product_cat-poeles-hydro-au-bois","8":"product_tag-poeles-hydro-au-bois-la-nordica-extraflame","9":"product_shipping_class-termostufe-a-legna-2-2","10":"sales-flash-overlay","11":"woocommerce-text-align-center","12":"woocommerce-image-align-center","13":"do-quantity-buttons","15":"first","16":"instock","17":"taxable","18":"shipping-taxable","19":"purchasable","20":"product-type-simple"},"acf":[],"_links":{"self":[{"href":"https:\/\/www.kalorus.com\/fr\/wp-json\/wp\/v2\/product\/42155","targetHints":{"allow":["GET"]}}],"collection":[{"href":"https:\/\/www.kalorus.com\/fr\/wp-json\/wp\/v2\/product"}],"about":[{"href":"https:\/\/www.kalorus.com\/fr\/wp-json\/wp\/v2\/types\/product"}],"wp:featuredmedia":[{"embeddable":true,"href":"https:\/\/www.kalorus.com\/fr\/wp-json\/wp\/v2\/media\/26270"}],"wp:attachment":[{"href":"https:\/\/www.kalorus.com\/fr\/wp-json\/wp\/v2\/media?parent=42155"}],"wp:term":[{"taxonomy":"product_brand","embeddable":true,"href":"https:\/\/www.kalorus.com\/fr\/wp-json\/wp\/v2\/product_brand?post=42155"},{"taxonomy":"product_cat","embeddable":true,"href":"https:\/\/www.kalorus.com\/fr\/wp-json\/wp\/v2\/product_cat?post=42155"},{"taxonomy":"product_tag","embeddable":true,"href":"https:\/\/www.kalorus.com\/fr\/wp-json\/wp\/v2\/product_tag?post=42155"}],"curies":[{"name":"wp","href":"https:\/\/api.w.org\/{rel}","templated":true}]}}