{"id":42144,"date":"2025-01-14T01:15:28","date_gmt":"2025-01-14T00:15:28","guid":{"rendered":"https:\/\/www.kalorus.com\/prodotto\/diffuseur-wave-pour-kit-wind-air\/"},"modified":"2025-01-18T00:27:29","modified_gmt":"2025-01-17T23:27:29","slug":"diffuseur-wave-pour-kit-wind-air","status":"publish","type":"product","link":"https:\/\/www.kalorus.com\/fr\/prodotto\/diffuseur-wave-pour-kit-wind-air\/","title":{"rendered":"Diffuseur WAVE pour Kit Wind Air &#8211; La Nordica &#8211; Extraflame"},"content":{"rendered":"","protected":false},"excerpt":{"rendered":"<p>Diffuseur Wave pour le syst\u00e8me \u00ab Wind Air \u00bb \u00e0 r\u00e9glage fixe. Blanc gaufr\u00e9 (1 pi\u00e8ce)<\/p>\n","protected":false},"featured_media":26238,"template":"","meta":{"_acf_changed":false},"product_brand":[],"product_cat":[2348,1687],"product_tag":[],"class_list":{"0":"post-42144","1":"product","2":"type-product","3":"status-publish","4":"has-post-thumbnail","6":"product_cat-accessoires-pour-poeles-et-cheminees","7":"product_cat-la-nordica-extraflame","8":"product_shipping_class-accessori-2-2","9":"sales-flash-overlay","10":"woocommerce-text-align-center","11":"woocommerce-image-align-center","12":"do-quantity-buttons","14":"first","15":"instock","16":"taxable","17":"shipping-taxable","18":"purchasable","19":"product-type-simple"},"acf":[],"_links":{"self":[{"href":"https:\/\/www.kalorus.com\/fr\/wp-json\/wp\/v2\/product\/42144","targetHints":{"allow":["GET"]}}],"collection":[{"href":"https:\/\/www.kalorus.com\/fr\/wp-json\/wp\/v2\/product"}],"about":[{"href":"https:\/\/www.kalorus.com\/fr\/wp-json\/wp\/v2\/types\/product"}],"wp:featuredmedia":[{"embeddable":true,"href":"https:\/\/www.kalorus.com\/fr\/wp-json\/wp\/v2\/media\/26238"}],"wp:attachment":[{"href":"https:\/\/www.kalorus.com\/fr\/wp-json\/wp\/v2\/media?parent=42144"}],"wp:term":[{"taxonomy":"product_brand","embeddable":true,"href":"https:\/\/www.kalorus.com\/fr\/wp-json\/wp\/v2\/product_brand?post=42144"},{"taxonomy":"product_cat","embeddable":true,"href":"https:\/\/www.kalorus.com\/fr\/wp-json\/wp\/v2\/product_cat?post=42144"},{"taxonomy":"product_tag","embeddable":true,"href":"https:\/\/www.kalorus.com\/fr\/wp-json\/wp\/v2\/product_tag?post=42144"}],"curies":[{"name":"wp","href":"https:\/\/api.w.org\/{rel}","templated":true}]}}