{"id":42133,"date":"2025-01-14T01:15:28","date_gmt":"2025-01-14T00:15:28","guid":{"rendered":"https:\/\/www.kalorus.com\/prodotto\/cheminee-granules-ventilee-et-canalisable-sirius-11-10-7-kw\/"},"modified":"2025-01-18T00:27:27","modified_gmt":"2025-01-17T23:27:27","slug":"cheminee-granules-ventilee-et-canalisable-sirius-11-10-7-kw","status":"publish","type":"product","link":"https:\/\/www.kalorus.com\/fr\/prodotto\/cheminee-granules-ventilee-et-canalisable-sirius-11-10-7-kw\/","title":{"rendered":"Chemin\u00e9e \u00e0 granul\u00e9s ventil\u00e9e et canalisable SIRIUS 11 10,7 kW &#8211; L&#8217;artistico"},"content":{"rendered":"<ul>\n<li>Puissance thermique nominale : max. 10,7 kW \/ min. 5,2 kW<\/li>\n<li>Rendement : max. 90,3% \/ min. 91,9%<\/li>\n<li>Consommation horaire de granul\u00e9s : max. 2,5 kg\/h \/ min. 1,2 kg\/h<\/li>\n<li>Autonomie : max. 22 h \/ min. 40 h<\/li>\n<li>Capacit\u00e9 du r\u00e9servoir : 60 kg<\/li>\n<li>Absorption \u00e9lectrique en fonctionnement : 52 &#8211; 110 W\/h<\/li>\n<li>Ventilateur d&#8217;air : 260 m3\/h + lat\u00e9ral 160 m3\/h<\/li>\n<li>Poids net : 130 kg<\/li>\n<\/ul>\n<h2>INFORMATIONS TECHNIQUES<\/h2>\n<ul>\n<li>Dimensions L 81 x P 58,5 x H 129 cm<\/li>\n<li>Classe \u00e9nerg\u00e9tique A+<\/li>\n<li>Efficacit\u00e9 \u00e9nerg\u00e9tique 126<\/li>\n<li>Code couleur 51404<\/li>\n<li>Certification environnementale DM186 4 \u00e9toiles<\/li>\n<\/ul>\n","protected":false},"excerpt":{"rendered":"<p>Gr\u00e2ce \u00e0 sa forme carr\u00e9e, qui met en valeur les lignes minimalistes, il s&#8217;adapte \u00e0 tous les environnements. Son double br\u00fblleur garantit le spectacle d&#8217;une flamme unique en son genre.<\/p>\n","protected":false},"featured_media":26203,"template":"","meta":{"_acf_changed":false},"product_brand":[],"product_cat":[2361,1685],"product_tag":[2487],"class_list":{"0":"post-42133","1":"product","2":"type-product","3":"status-publish","4":"has-post-thumbnail","6":"product_cat-cheminees-a-granules","7":"product_cat-l-artistico","8":"product_tag-cheminees-a-pellets-lartistico","9":"product_shipping_class-caminetti-a-pellet-2-2","10":"sales-flash-overlay","11":"woocommerce-text-align-center","12":"woocommerce-image-align-center","13":"do-quantity-buttons","15":"first","16":"instock","17":"taxable","18":"shipping-taxable","19":"purchasable","20":"product-type-simple"},"acf":[],"_links":{"self":[{"href":"https:\/\/www.kalorus.com\/fr\/wp-json\/wp\/v2\/product\/42133","targetHints":{"allow":["GET"]}}],"collection":[{"href":"https:\/\/www.kalorus.com\/fr\/wp-json\/wp\/v2\/product"}],"about":[{"href":"https:\/\/www.kalorus.com\/fr\/wp-json\/wp\/v2\/types\/product"}],"wp:featuredmedia":[{"embeddable":true,"href":"https:\/\/www.kalorus.com\/fr\/wp-json\/wp\/v2\/media\/26203"}],"wp:attachment":[{"href":"https:\/\/www.kalorus.com\/fr\/wp-json\/wp\/v2\/media?parent=42133"}],"wp:term":[{"taxonomy":"product_brand","embeddable":true,"href":"https:\/\/www.kalorus.com\/fr\/wp-json\/wp\/v2\/product_brand?post=42133"},{"taxonomy":"product_cat","embeddable":true,"href":"https:\/\/www.kalorus.com\/fr\/wp-json\/wp\/v2\/product_cat?post=42133"},{"taxonomy":"product_tag","embeddable":true,"href":"https:\/\/www.kalorus.com\/fr\/wp-json\/wp\/v2\/product_tag?post=42133"}],"curies":[{"name":"wp","href":"https:\/\/api.w.org\/{rel}","templated":true}]}}