{"id":42130,"date":"2025-01-14T01:15:28","date_gmt":"2025-01-14T00:15:28","guid":{"rendered":"https:\/\/www.kalorus.com\/prodotto\/cheminee-granules-ventilee-et-canalisable-mini-starfire-9-1-kw\/"},"modified":"2025-01-18T00:27:27","modified_gmt":"2025-01-17T23:27:27","slug":"cheminee-granules-ventilee-et-canalisable-mini-starfire-9-1-kw","status":"publish","type":"product","link":"https:\/\/www.kalorus.com\/fr\/prodotto\/cheminee-granules-ventilee-et-canalisable-mini-starfire-9-1-kw\/","title":{"rendered":"Chemin\u00e9e \u00e0 granul\u00e9s ventil\u00e9e et canalisable MINI STARFIRE 9,1 kW &#8211; L&#8217;artistico"},"content":{"rendered":"<ul>\n<li>Puissance thermique nominale: max. 9,1 kW \/ min. 4,5 kW<\/li>\n<li>Rendement: max. 93,3% \/ min. 93,9 %<\/li>\n<li>Consommation horaire de pellets: max. 2,0 kg\/h. \/ min. 1,0 kg\/h.<\/li>\n<li>Autonomie: max. 17 h. \/ min. 35 h.<\/li>\n<li>Capacit\u00e9 du r\u00e9servoir: 35 kg<\/li>\n<li>Absorption \u00e9lectrique en r\u00e9gime: 77 &#8211; 140 W\/h.<\/li>\n<li>Ventilateur d&#8217;air: 250 m3\/h + lat\u00e9ral 180 + 180 m3\/h.<\/li>\n<li>Poids net: 153 kg<\/li>\n<\/ul>\n<h2>INFORMATIONS TECHNIQUES<\/h2>\n<ul>\n<li>Dimensions L 40,2 x P 60 x H 148,5 cm<\/li>\n<li>Classe \u00e9nerg\u00e9tique A+<\/li>\n<li>Efficacit\u00e9 \u00e9nerg\u00e9tique 119<\/li>\n<li>Code couleur 51405<\/li>\n<li>Certification environnementale DM186 4 \u00e9toiles<\/li>\n<\/ul>\n","protected":false},"excerpt":{"rendered":"<p>En nous rassemblant autour du feu, nous avons cr\u00e9\u00e9 un petit bijou de style et d&#8217;efficacit\u00e9 aux formes \u00e9lanc\u00e9es. Une seule paroi de verre et le feu, rien d&#8217;autre. Pur comme les meilleures choses.<\/p>\n","protected":false},"featured_media":26194,"template":"","meta":{"_acf_changed":false},"product_brand":[],"product_cat":[2361,1685],"product_tag":[2487],"class_list":{"0":"post-42130","1":"product","2":"type-product","3":"status-publish","4":"has-post-thumbnail","6":"product_cat-cheminees-a-granules","7":"product_cat-l-artistico","8":"product_tag-cheminees-a-pellets-lartistico","9":"product_shipping_class-caminetti-a-pellet-2-2","10":"sales-flash-overlay","11":"woocommerce-text-align-center","12":"woocommerce-image-align-center","13":"do-quantity-buttons","15":"first","16":"instock","17":"taxable","18":"shipping-taxable","19":"purchasable","20":"product-type-simple"},"acf":[],"_links":{"self":[{"href":"https:\/\/www.kalorus.com\/fr\/wp-json\/wp\/v2\/product\/42130","targetHints":{"allow":["GET"]}}],"collection":[{"href":"https:\/\/www.kalorus.com\/fr\/wp-json\/wp\/v2\/product"}],"about":[{"href":"https:\/\/www.kalorus.com\/fr\/wp-json\/wp\/v2\/types\/product"}],"wp:featuredmedia":[{"embeddable":true,"href":"https:\/\/www.kalorus.com\/fr\/wp-json\/wp\/v2\/media\/26194"}],"wp:attachment":[{"href":"https:\/\/www.kalorus.com\/fr\/wp-json\/wp\/v2\/media?parent=42130"}],"wp:term":[{"taxonomy":"product_brand","embeddable":true,"href":"https:\/\/www.kalorus.com\/fr\/wp-json\/wp\/v2\/product_brand?post=42130"},{"taxonomy":"product_cat","embeddable":true,"href":"https:\/\/www.kalorus.com\/fr\/wp-json\/wp\/v2\/product_cat?post=42130"},{"taxonomy":"product_tag","embeddable":true,"href":"https:\/\/www.kalorus.com\/fr\/wp-json\/wp\/v2\/product_tag?post=42130"}],"curies":[{"name":"wp","href":"https:\/\/api.w.org\/{rel}","templated":true}]}}