{"id":42126,"date":"2025-01-14T01:15:01","date_gmt":"2025-01-14T00:15:01","guid":{"rendered":"https:\/\/www.kalorus.com\/prodotto\/cheminee-granules-ventilee-et-canalisable-starfire-m-17-10-9-kw\/"},"modified":"2025-01-18T00:27:25","modified_gmt":"2025-01-17T23:27:25","slug":"cheminee-granules-ventilee-et-canalisable-starfire-m-17-10-9-kw","status":"publish","type":"product","link":"https:\/\/www.kalorus.com\/fr\/prodotto\/cheminee-granules-ventilee-et-canalisable-starfire-m-17-10-9-kw\/","title":{"rendered":"Chemin\u00e9e \u00e0 granul\u00e9s ventil\u00e9e et canalisable STARFIRE M 17 10,9 kW &#8211; L&#8217;artistico"},"content":{"rendered":"<ul>\n<li>Puissance thermique nominale : max. 10,9 kW \/ min. 5,4 kW<\/li>\n<li>Efficacit\u00e9 : max. 90,3% \/ min. 93,8 %<\/li>\n<li>Consommation horaire de granul\u00e9s : max. 2,5 kg\/h. \/ min. 1,2 kg\/h.<\/li>\n<li>Autonomie : max. 22 h. \/ min. 40 h.<\/li>\n<li>Capacit\u00e9 du r\u00e9servoir de granul\u00e9s : 45 kg<\/li>\n<li>Consommation \u00e9lectrique en fonctionnement : 79 &#8211; 116 W\/h.<\/li>\n<li>Ventilateur d&#8217;air : 250 m3\/h + lat\u00e9ral 180 + 180 m3\/h.<\/li>\n<li>Poids net : 145 kg<\/li>\n<\/ul>\n<h2>INFORMATIONS TECHNIQUES<\/h2>\n<ul>\n<li>Dimensions L 51 x P 64 x H 148 cm<\/li>\n<li>Classe \u00e9nerg\u00e9tique A+<\/li>\n<li>Efficacit\u00e9 \u00e9nerg\u00e9tique 116<\/li>\n<li>Code couleur 51405<\/li>\n<li>Certification environnementale DM186 4 \u00e9toiles<\/li>\n<\/ul>\n","protected":false},"excerpt":{"rendered":"<p>Une nouvelle forme \u00e9lanc\u00e9e con\u00e7ue pour valoriser m\u00eame les espaces les plus r\u00e9duits, avec sa flamme brevet\u00e9e, le Starfire capte le regard et r\u00e9chauffe le c\u0153ur. Son design a \u00e9galement \u00e9t\u00e9 \u00e9tudi\u00e9 pour optimiser les espaces gr\u00e2ce \u00e0 ses \u00e9vacuations internes.<\/p>\n","protected":false},"featured_media":26181,"template":"","meta":{"_acf_changed":false},"product_brand":[],"product_cat":[2361,1685],"product_tag":[2487],"class_list":{"0":"post-42126","1":"product","2":"type-product","3":"status-publish","4":"has-post-thumbnail","6":"product_cat-cheminees-a-granules","7":"product_cat-l-artistico","8":"product_tag-cheminees-a-pellets-lartistico","9":"product_shipping_class-caminetti-a-pellet-2-2","10":"sales-flash-overlay","11":"woocommerce-text-align-center","12":"woocommerce-image-align-center","13":"do-quantity-buttons","15":"first","16":"instock","17":"taxable","18":"shipping-taxable","19":"purchasable","20":"product-type-simple"},"acf":[],"_links":{"self":[{"href":"https:\/\/www.kalorus.com\/fr\/wp-json\/wp\/v2\/product\/42126","targetHints":{"allow":["GET"]}}],"collection":[{"href":"https:\/\/www.kalorus.com\/fr\/wp-json\/wp\/v2\/product"}],"about":[{"href":"https:\/\/www.kalorus.com\/fr\/wp-json\/wp\/v2\/types\/product"}],"wp:featuredmedia":[{"embeddable":true,"href":"https:\/\/www.kalorus.com\/fr\/wp-json\/wp\/v2\/media\/26181"}],"wp:attachment":[{"href":"https:\/\/www.kalorus.com\/fr\/wp-json\/wp\/v2\/media?parent=42126"}],"wp:term":[{"taxonomy":"product_brand","embeddable":true,"href":"https:\/\/www.kalorus.com\/fr\/wp-json\/wp\/v2\/product_brand?post=42126"},{"taxonomy":"product_cat","embeddable":true,"href":"https:\/\/www.kalorus.com\/fr\/wp-json\/wp\/v2\/product_cat?post=42126"},{"taxonomy":"product_tag","embeddable":true,"href":"https:\/\/www.kalorus.com\/fr\/wp-json\/wp\/v2\/product_tag?post=42126"}],"curies":[{"name":"wp","href":"https:\/\/api.w.org\/{rel}","templated":true}]}}