{"id":42000,"date":"2025-01-14T01:14:24","date_gmt":"2025-01-14T00:14:24","guid":{"rendered":"https:\/\/www.kalorus.com\/prodotto\/barbecue-bois-egeo-110\/"},"modified":"2025-01-18T00:27:01","modified_gmt":"2025-01-17T23:27:01","slug":"barbecue-bois-egeo-110","status":"publish","type":"product","link":"https:\/\/www.kalorus.com\/fr\/prodotto\/barbecue-bois-egeo-110\/","title":{"rendered":"Barbecue \u00e0 bois EGEO 110 &#8211; Fontana"},"content":{"rendered":"<ul>\n<li>Hauteur : 1080 mm<\/li>\n<li>Largeur : 1.780 mm<\/li>\n<li>Profondeur : 700 mm<\/li>\n<\/ul>\n","protected":false},"excerpt":{"rendered":"<p>Gril ouvert avec un brasier super-renforc\u00e9 et un rev\u00eatement en pierre r\u00e9fractaire. Disponible en deux tailles de surface de cuisson : 80&#215;40 cm et 110&#215;40 cm. La structure est en acier et inox, avec deux \u00e9tag\u00e8res pliantes pratiques et un chariot \u00e0 4 roues pour une grande mobilit\u00e9.<\/p>\n","protected":false},"featured_media":25794,"template":"","meta":{"_acf_changed":false},"product_brand":[],"product_cat":[2351,1674],"product_tag":[2475],"class_list":{"0":"post-42000","1":"product","2":"type-product","3":"status-publish","4":"has-post-thumbnail","6":"product_cat-barbecues-au-bois","7":"product_cat-fontana","8":"product_tag-barbecues-au-bois-fontana","9":"product_shipping_class-barbecue-a-legna-2-2","10":"sales-flash-overlay","11":"woocommerce-text-align-center","12":"woocommerce-image-align-center","13":"do-quantity-buttons","15":"first","16":"instock","17":"taxable","18":"shipping-taxable","19":"purchasable","20":"product-type-simple"},"acf":[],"_links":{"self":[{"href":"https:\/\/www.kalorus.com\/fr\/wp-json\/wp\/v2\/product\/42000","targetHints":{"allow":["GET"]}}],"collection":[{"href":"https:\/\/www.kalorus.com\/fr\/wp-json\/wp\/v2\/product"}],"about":[{"href":"https:\/\/www.kalorus.com\/fr\/wp-json\/wp\/v2\/types\/product"}],"wp:featuredmedia":[{"embeddable":true,"href":"https:\/\/www.kalorus.com\/fr\/wp-json\/wp\/v2\/media\/25794"}],"wp:attachment":[{"href":"https:\/\/www.kalorus.com\/fr\/wp-json\/wp\/v2\/media?parent=42000"}],"wp:term":[{"taxonomy":"product_brand","embeddable":true,"href":"https:\/\/www.kalorus.com\/fr\/wp-json\/wp\/v2\/product_brand?post=42000"},{"taxonomy":"product_cat","embeddable":true,"href":"https:\/\/www.kalorus.com\/fr\/wp-json\/wp\/v2\/product_cat?post=42000"},{"taxonomy":"product_tag","embeddable":true,"href":"https:\/\/www.kalorus.com\/fr\/wp-json\/wp\/v2\/product_tag?post=42000"}],"curies":[{"name":"wp","href":"https:\/\/api.w.org\/{rel}","templated":true}]}}