{"id":41785,"date":"2025-01-14T01:13:09","date_gmt":"2025-01-14T00:13:09","guid":{"rendered":"https:\/\/www.kalorus.com\/prodotto\/cuisiniere-granules-encastrable-nina-7-5-kw\/"},"modified":"2025-01-18T00:26:29","modified_gmt":"2025-01-17T23:26:29","slug":"cuisiniere-granules-encastrable-nina-7-5-kw","status":"publish","type":"product","link":"https:\/\/www.kalorus.com\/fr\/prodotto\/cuisiniere-granules-encastrable-nina-7-5-kw\/","title":{"rendered":"Cuisini\u00e8re \u00e0 granul\u00e9s encastrable NINA 7,5 kW &#8211; Eva Calor"},"content":{"rendered":"<ul>\n<li>Puissance au foyer : max &#8211; min. 7,5 kW &#8211; 2,8 kW<\/li>\n<li>Puissance nominale : max. &#8211; min. 6,7 kW &#8211; 2,5 kW<\/li>\n<li>Rendement : max &#8211; min. 88,5% &#8211; 89,1%<\/li>\n<li>Consommation : max &#8211; min. 1,56 kg\/h &#8211; 0,57 kg\/h<\/li>\n<li>Capacit&eacute; du r&eacute;servoir : 16 kg<\/li>\n<li>Volume chauffable en m3 : min. 70 max. 160<\/li>\n<li>Dimensions : l. 59,8 p. 61,8 h. 91,6<\/li>\n<li>Poids : kg 135<\/li>\n<li>Certifications EN 14785, BlmSchv II, 15a B-VG, LRV-VKF<\/li>\n<li>Tiroir amovible<\/li>\n<li>&Eacute;vacuation des fum&eacute;es : sup&eacute;rieure ou arri&egrave;re<\/li>\n<\/ul>\n","protected":false},"excerpt":{"rendered":"<p>VERSION ENCASTRABLE<\/p>\n<p>Cette cuisini\u00e8re allie la praticit\u00e9 des pellets \u00e0 la tradition \u00e9prouv\u00e9e de la cuisini\u00e8re \u00e9conomique, permettant de pr\u00e9parer des plats tout en chauffant la maison.<\/p>\n<p>Elle est ventil\u00e9e et \u00e9quip\u00e9e d&#8217;un syst\u00e8me de chargement frontal des pellets, tr\u00e8s facile \u00e0 utiliser. La sortie des fum\u00e9es peut \u00eatre sup\u00e9rieure ou arri\u00e8re, et la ventilation peut \u00eatre d\u00e9sactiv\u00e9e en \u00e9t\u00e9.<\/p>\n<p>Version avec plaque sup\u00e9rieure en acier. OPTION en vitroc\u00e9ramique.<\/p>\n","protected":false},"featured_media":25162,"template":"","meta":{"_acf_changed":false},"product_brand":[],"product_cat":[2369,1670],"product_tag":[2504],"class_list":{"0":"post-41785","1":"product","2":"type-product","3":"status-publish","4":"has-post-thumbnail","6":"product_cat-cuisinieres-a-granules","7":"product_cat-eva-calor","8":"product_tag-cuisinieres-a-granules-eva-calor","9":"product_shipping_class-cucine-a-pellet-2-2","10":"sales-flash-overlay","11":"woocommerce-text-align-center","12":"woocommerce-image-align-center","13":"do-quantity-buttons","15":"first","16":"instock","17":"taxable","18":"shipping-taxable","19":"purchasable","20":"product-type-simple"},"acf":[],"_links":{"self":[{"href":"https:\/\/www.kalorus.com\/fr\/wp-json\/wp\/v2\/product\/41785","targetHints":{"allow":["GET"]}}],"collection":[{"href":"https:\/\/www.kalorus.com\/fr\/wp-json\/wp\/v2\/product"}],"about":[{"href":"https:\/\/www.kalorus.com\/fr\/wp-json\/wp\/v2\/types\/product"}],"wp:featuredmedia":[{"embeddable":true,"href":"https:\/\/www.kalorus.com\/fr\/wp-json\/wp\/v2\/media\/25162"}],"wp:attachment":[{"href":"https:\/\/www.kalorus.com\/fr\/wp-json\/wp\/v2\/media?parent=41785"}],"wp:term":[{"taxonomy":"product_brand","embeddable":true,"href":"https:\/\/www.kalorus.com\/fr\/wp-json\/wp\/v2\/product_brand?post=41785"},{"taxonomy":"product_cat","embeddable":true,"href":"https:\/\/www.kalorus.com\/fr\/wp-json\/wp\/v2\/product_cat?post=41785"},{"taxonomy":"product_tag","embeddable":true,"href":"https:\/\/www.kalorus.com\/fr\/wp-json\/wp\/v2\/product_tag?post=41785"}],"curies":[{"name":"wp","href":"https:\/\/api.w.org\/{rel}","templated":true}]}}