{"id":41776,"date":"2025-01-14T01:13:09","date_gmt":"2025-01-14T00:13:09","guid":{"rendered":"https:\/\/www.kalorus.com\/prodotto\/cheminee-granules-murale-complete-tiziano-7-5-kw\/"},"modified":"2025-01-18T00:26:28","modified_gmt":"2025-01-17T23:26:28","slug":"cheminee-granules-murale-complete-tiziano-7-5-kw","status":"publish","type":"product","link":"https:\/\/www.kalorus.com\/fr\/prodotto\/cheminee-granules-murale-complete-tiziano-7-5-kw\/","title":{"rendered":"Chemin\u00e9e \u00e0 granul\u00e9s murale compl\u00e8te TIZIANO 7,5 kW &#8211; Eva Cal\u00f2r"},"content":{"rendered":"<ul>\n<li>Puissance de combustion : max 7,5 kW &#8211; min 3,5 kW<\/li>\n<li>Puissance de chauffage : max 6,5 kW &#8211; min 3,0 kW<\/li>\n<li>Classe d&#8217;efficacit&eacute; &eacute;nerg&eacute;tique : A+<\/li>\n<li>Rendement : Pmax 91,5% &ndash; Pmin 90%<\/li>\n<li>Valeur de CO avec 13% O2 (%) : Pmax 0,015% &ndash; Pmin 0,024%<\/li>\n<li>Consommation horaire de pellet : max 1,6 kg\/h &ndash; min 0,7 kg\/h<\/li>\n<li>Capacit&eacute; du r&eacute;servoir : 15 kg<\/li>\n<li>Taille de la pi&egrave;ce chauffable : 70 &ndash; 160 m&sup3;<\/li>\n<li>Distances minimales des murs inflammables : face : 100 cm<\/li>\n<li>Alimentation\/Freq. : 230V &ndash; 50 Hz<\/li>\n<li>Puissance &eacute;lectrique nominale : 350 W<\/li>\n<li>Dimensions : L 93,8 x P 54 x H 112,7 cm<\/li>\n<li>Poids : 150 kg<\/li>\n<li>Chambre de combustion en acier<\/li>\n<li>Br&ucirc;leur en acier inoxydable<\/li>\n<li>Conforme aux normes : EN14785 &#8211; BImSchV II &#8211; LRV\/VKF<\/li>\n<li>Display : 6 boutons LED<\/li>\n<li>T&eacute;l&eacute;commande : Incluse<\/li>\n<li>Evacuation des fum&eacute;es : Sup&eacute;rieure \/ Post&eacute;rieure<\/li>\n<li>Module WI-FI pour commande &agrave; distance : Optionnel<\/li>\n<\/ul>\n","protected":false},"excerpt":{"rendered":"<p>Rev\u00eatement en ciment naturel sans additifs.<\/p>\n<p>Fa\u00e7ade de porte en verre : s\u00e9rigraphi\u00e9e noire<\/p>\n<p>Ventilation forc\u00e9e<\/p>\n<p>R\u00e9servoir \u00e0 pellets de 15 kg<\/p>\n<p>5 niveaux de puissance<\/p>\n<p>Affichage avec menu en 6 langues<\/p>\n<p>Structure autoportante pour une installation rapide<\/p>\n<p>Poign\u00e9e amovible<\/p>\n<p>Sortie de fum\u00e9e sup\u00e9rieure &#8211; arri\u00e8re<\/p>\n<p>T\u00e9l\u00e9commande incluse<\/p>\n<p>Thermostat de s\u00e9curit\u00e9<\/p>\n<p>Pr\u00e9disposition pour thermostat externe<\/p>\n<p>Pressostat de s\u00e9curit\u00e9<\/p>\n<p>Thermostat programmable<\/p>\n","protected":false},"featured_media":25132,"template":"","meta":{"_acf_changed":false},"product_brand":[],"product_cat":[2361,1670],"product_tag":[2460],"class_list":{"0":"post-41776","1":"product","2":"type-product","3":"status-publish","4":"has-post-thumbnail","6":"product_cat-cheminees-a-granules","7":"product_cat-eva-calor","8":"product_tag-cheminees-a-pellets-eva-calor","9":"product_shipping_class-caminetti-a-pellet-2-2","10":"sales-flash-overlay","11":"woocommerce-text-align-center","12":"woocommerce-image-align-center","13":"do-quantity-buttons","15":"first","16":"instock","17":"taxable","18":"shipping-taxable","19":"purchasable","20":"product-type-simple"},"acf":[],"_links":{"self":[{"href":"https:\/\/www.kalorus.com\/fr\/wp-json\/wp\/v2\/product\/41776","targetHints":{"allow":["GET"]}}],"collection":[{"href":"https:\/\/www.kalorus.com\/fr\/wp-json\/wp\/v2\/product"}],"about":[{"href":"https:\/\/www.kalorus.com\/fr\/wp-json\/wp\/v2\/types\/product"}],"wp:featuredmedia":[{"embeddable":true,"href":"https:\/\/www.kalorus.com\/fr\/wp-json\/wp\/v2\/media\/25132"}],"wp:attachment":[{"href":"https:\/\/www.kalorus.com\/fr\/wp-json\/wp\/v2\/media?parent=41776"}],"wp:term":[{"taxonomy":"product_brand","embeddable":true,"href":"https:\/\/www.kalorus.com\/fr\/wp-json\/wp\/v2\/product_brand?post=41776"},{"taxonomy":"product_cat","embeddable":true,"href":"https:\/\/www.kalorus.com\/fr\/wp-json\/wp\/v2\/product_cat?post=41776"},{"taxonomy":"product_tag","embeddable":true,"href":"https:\/\/www.kalorus.com\/fr\/wp-json\/wp\/v2\/product_tag?post=41776"}],"curies":[{"name":"wp","href":"https:\/\/api.w.org\/{rel}","templated":true}]}}