{"id":41685,"date":"2025-01-14T01:12:10","date_gmt":"2025-01-14T00:12:10","guid":{"rendered":"https:\/\/www.kalorus.com\/prodotto\/cheminee-granules-ventilee-bruno-slim-9-6-kw\/"},"modified":"2025-01-18T00:26:16","modified_gmt":"2025-01-17T23:26:16","slug":"cheminee-granules-ventilee-bruno-slim-9-6-kw","status":"publish","type":"product","link":"https:\/\/www.kalorus.com\/fr\/prodotto\/cheminee-granules-ventilee-bruno-slim-9-6-kw\/","title":{"rendered":"Chemin\u00e9e \u00e0 granul\u00e9s ventil\u00e9e BRUNO SLIM 9,6 kW &#8211; Bronpi"},"content":{"rendered":"<ul>\n<li>FastOn<\/li>\n<li>OASYS Plus<\/li>\n<li>Syst\u00e8me Dual Camera<\/li>\n<li>Syst\u00e8me de nettoyage du verre<\/li>\n<li>Syst\u00e8me Dual Camera<\/li>\n<li>Capteur de niveau de charge<\/li>\n<li>Syst\u00e8me de modulation<\/li>\n<li>Mod\u00e8le con\u00e7u pour un acc\u00e8s facile \u00e0 l&#8217;entretien<\/li>\n<li>Mod\u00e8le compatible avec le KIT WIFI<\/li>\n<li>Programmable<\/li>\n<li>Syst\u00e8me anti-retour de flamme<\/li>\n<li>Puissance max : 9,6kW<\/li>\n<li>Puissance min-max : 3,6-8,4kW<\/li>\n<li>Efficacit\u00e9 (%): 88-93%<\/li>\n<li>Consommation min-max. (kg\/h): 0,78-1,9kg\/h<\/li>\n<li>Puissance \u00e9lectrique (W): 150-300W<\/li>\n<li>Volume chauffable (m3): 210m3<\/li>\n<li>Capacit\u00e9 du r\u00e9servoir (Kg): 11kg<\/li>\n<li>Int\u00e9rieurs en vermiculite<\/li>\n<li>Autonomie (h) (min-max): 6,1-14,9h<\/li>\n<li>Poids (Kg): 80 kg<\/li>\n<li>Diam\u00e8tre de sortie des fum\u00e9es (mm): 80mm<\/li>\n<li>Diam\u00e8tre d&#8217;entr\u00e9e d&#8217;air (mm): 40mm<\/li>\n<li>Ventilation forc\u00e9e m3\/h: 1&#215;270<\/li>\n<li>T\u00e9l\u00e9commande et centrale<\/li>\n<li>S3<\/li>\n<li>Accessoires compatibles non inclus: KIT WIFI<\/li>\n<\/ul>\n","protected":false},"excerpt":{"rendered":"<p>Chemin\u00e9e \u00e0 granul\u00e9s ventil\u00e9e avec une profondeur de seulement 26,5 cm. Unique en son genre, elle convient aux installations m\u00eame dans les couloirs o\u00f9 l&#8217;espace est limit\u00e9. Livr\u00e9e avec un kit de chargement frontal ou lat\u00e9ral.<\/p>\n","protected":false},"featured_media":24849,"template":"","meta":{"_acf_changed":false},"product_brand":[],"product_cat":[1662,2361],"product_tag":[2451],"class_list":{"0":"post-41685","1":"product","2":"type-product","3":"status-publish","4":"has-post-thumbnail","6":"product_cat-bronpi","7":"product_cat-cheminees-a-granules","8":"product_tag-cheminees-bronpi","9":"product_shipping_class-caminetti-a-pellet-2-2","10":"sales-flash-overlay","11":"woocommerce-text-align-center","12":"woocommerce-image-align-center","13":"do-quantity-buttons","15":"first","16":"instock","17":"taxable","18":"shipping-taxable","19":"purchasable","20":"product-type-simple"},"acf":[],"_links":{"self":[{"href":"https:\/\/www.kalorus.com\/fr\/wp-json\/wp\/v2\/product\/41685","targetHints":{"allow":["GET"]}}],"collection":[{"href":"https:\/\/www.kalorus.com\/fr\/wp-json\/wp\/v2\/product"}],"about":[{"href":"https:\/\/www.kalorus.com\/fr\/wp-json\/wp\/v2\/types\/product"}],"wp:featuredmedia":[{"embeddable":true,"href":"https:\/\/www.kalorus.com\/fr\/wp-json\/wp\/v2\/media\/24849"}],"wp:attachment":[{"href":"https:\/\/www.kalorus.com\/fr\/wp-json\/wp\/v2\/media?parent=41685"}],"wp:term":[{"taxonomy":"product_brand","embeddable":true,"href":"https:\/\/www.kalorus.com\/fr\/wp-json\/wp\/v2\/product_brand?post=41685"},{"taxonomy":"product_cat","embeddable":true,"href":"https:\/\/www.kalorus.com\/fr\/wp-json\/wp\/v2\/product_cat?post=41685"},{"taxonomy":"product_tag","embeddable":true,"href":"https:\/\/www.kalorus.com\/fr\/wp-json\/wp\/v2\/product_tag?post=41685"}],"curies":[{"name":"wp","href":"https:\/\/api.w.org\/{rel}","templated":true}]}}