{"id":41643,"date":"2025-01-14T01:12:10","date_gmt":"2025-01-14T00:12:10","guid":{"rendered":"https:\/\/www.kalorus.com\/prodotto\/barbecue-charbon-carbon-grill\/"},"modified":"2025-01-18T00:26:11","modified_gmt":"2025-01-17T23:26:11","slug":"barbecue-charbon-carbon-grill","status":"publish","type":"product","link":"https:\/\/www.kalorus.com\/fr\/prodotto\/barbecue-charbon-carbon-grill\/","title":{"rendered":"Barbecue au charbon CARBON GRILL &#8211; B. &#038; P."},"content":{"rendered":"<p>Le barbecue au charbon de bois CARBON GRILL est enti\u00e8rement fabriqu\u00e9 en acier inoxydable et avec des mat\u00e9riaux de qualit\u00e9 alimentaire.<\/p>\n<p>La table est en fer galvanis\u00e9.<\/p>\n<ul>\n<li>Dimensions totales : 600x530x300 mm<\/li>\n<li>Grille utile : 510&#215;370 mm<\/li>\n<li>Hauteur de la table : 700 mm<\/li>\n<\/ul>\n","protected":false},"excerpt":{"rendered":"<p>Profitez d&#8217;un d\u00e9licieux barbecue avec le barbecue au charbon CARBON GRILL.<\/p>\n<p>Gr\u00e2ce \u00e0 sa grande surface de cuisson, il est parfait pour les rassemblements, cr\u00e9ant l&#8217;atmosph\u00e8re parfaite avec l&#8217;ar\u00f4me typique du charbon.<br \/>\u00c9quip\u00e9 d&#8217;un pare-vent r\u00e9glable et d&#8217;une grille r\u00e9glable en hauteur. Dimensions de la grille : 51x37cm<br \/>Feu, braises et saveurs fum\u00e9es : le barbecue au charbon CARBON GRILL r\u00e9gale famille et amis avec de d\u00e9licieuses viandes grill\u00e9es, hamburgers, poissons, l\u00e9gumes ou tout autre plat, offrant la saveur inimitable que seul le charbon peut donner. Le barbecue au charbon est le partenaire id\u00e9al pour une grande f\u00eate dans le jardin.<\/p>\n<p>TOUS NOS PRODUITS SONT VENDUS AVEC UNE TABLE.<\/p>\n","protected":false},"featured_media":24720,"template":"","meta":{"_acf_changed":false},"product_brand":[],"product_cat":[1757,2351],"product_tag":[2446],"class_list":{"0":"post-41643","1":"product","2":"type-product","3":"status-publish","4":"has-post-thumbnail","6":"product_cat-b-e-p-en","7":"product_cat-barbecues-au-bois","8":"product_tag-barbecues-b-p","9":"product_shipping_class-barbecue-a-legna-2-2","10":"sales-flash-overlay","11":"woocommerce-text-align-center","12":"woocommerce-image-align-center","13":"do-quantity-buttons","15":"first","16":"instock","17":"taxable","18":"shipping-taxable","19":"purchasable","20":"product-type-simple"},"acf":[],"_links":{"self":[{"href":"https:\/\/www.kalorus.com\/fr\/wp-json\/wp\/v2\/product\/41643","targetHints":{"allow":["GET"]}}],"collection":[{"href":"https:\/\/www.kalorus.com\/fr\/wp-json\/wp\/v2\/product"}],"about":[{"href":"https:\/\/www.kalorus.com\/fr\/wp-json\/wp\/v2\/types\/product"}],"wp:featuredmedia":[{"embeddable":true,"href":"https:\/\/www.kalorus.com\/fr\/wp-json\/wp\/v2\/media\/24720"}],"wp:attachment":[{"href":"https:\/\/www.kalorus.com\/fr\/wp-json\/wp\/v2\/media?parent=41643"}],"wp:term":[{"taxonomy":"product_brand","embeddable":true,"href":"https:\/\/www.kalorus.com\/fr\/wp-json\/wp\/v2\/product_brand?post=41643"},{"taxonomy":"product_cat","embeddable":true,"href":"https:\/\/www.kalorus.com\/fr\/wp-json\/wp\/v2\/product_cat?post=41643"},{"taxonomy":"product_tag","embeddable":true,"href":"https:\/\/www.kalorus.com\/fr\/wp-json\/wp\/v2\/product_tag?post=41643"}],"curies":[{"name":"wp","href":"https:\/\/api.w.org\/{rel}","templated":true}]}}