{"id":41639,"date":"2025-01-14T01:12:10","date_gmt":"2025-01-14T00:12:10","guid":{"rendered":"https:\/\/www.kalorus.com\/prodotto\/barbecue-gaz-sans-fumee-vulcano\/"},"modified":"2025-01-18T00:26:08","modified_gmt":"2025-01-17T23:26:08","slug":"barbecue-gaz-sans-fumee-vulcano","status":"publish","type":"product","link":"https:\/\/www.kalorus.com\/fr\/prodotto\/barbecue-gaz-sans-fumee-vulcano\/","title":{"rendered":"Barbecue \u00e0 gaz sans fum\u00e9e VULCANO &#8211; B. &#038; P."},"content":{"rendered":"<p>Le mod\u00e8le de barbecue VULCANO fonctionne au GAZ GPL<\/p>\n<p>Enti\u00e8rement fabriqu\u00e9 en acier inoxydable et avec des mat\u00e9riaux de qualit\u00e9 alimentaire, il est \u00e9quip\u00e9 de br\u00fbleurs de haute qualit\u00e9.<\/p>\n<p>La table est en fer galvanis\u00e9.<\/p>\n<ul>\n<li>Dimensions totales : 800x4900x225 mm<\/li>\n<li>Grille utile : 2 grilles de 350&#215;400 mm<\/li>\n<li>Hauteur de la table : 700 mm<\/li>\n<li>Puissance : 8,1 kW<\/li>\n<li>Plaque : en pierre de lave 700&#215;400 mm<\/li>\n<\/ul>\n","protected":false},"excerpt":{"rendered":"<p><strong>Le mod\u00e8le &#8220;VULCANO&#8221; propose 3 br\u00fbleurs.<\/strong><\/p>\n<p>Outil de cuisson innovant permettant de griller m\u00eame dans des espaces limit\u00e9s, gr\u00e2ce \u00e0 son syst\u00e8me d&#8217;\u00e9limination des fum\u00e9es. Id\u00e9al pour v\u00e9randas, balcons et petits espaces.<\/p>\n<p>TOUS NOS PRODUITS SONT VENDUS AVEC UNE TABLE.<\/p>\n","protected":false},"featured_media":24710,"template":"","meta":{"_acf_changed":false},"product_brand":[],"product_cat":[1757,2350],"product_tag":[2446],"class_list":{"0":"post-41639","1":"product","2":"type-product","3":"status-publish","4":"has-post-thumbnail","6":"product_cat-b-e-p-en","7":"product_cat-barbecues-a-gaz","8":"product_tag-barbecues-b-p","9":"product_shipping_class-barbecue-a-gas-2-2","10":"sales-flash-overlay","11":"woocommerce-text-align-center","12":"woocommerce-image-align-center","13":"do-quantity-buttons","15":"first","16":"instock","17":"taxable","18":"shipping-taxable","19":"purchasable","20":"product-type-simple"},"acf":[],"_links":{"self":[{"href":"https:\/\/www.kalorus.com\/fr\/wp-json\/wp\/v2\/product\/41639","targetHints":{"allow":["GET"]}}],"collection":[{"href":"https:\/\/www.kalorus.com\/fr\/wp-json\/wp\/v2\/product"}],"about":[{"href":"https:\/\/www.kalorus.com\/fr\/wp-json\/wp\/v2\/types\/product"}],"wp:featuredmedia":[{"embeddable":true,"href":"https:\/\/www.kalorus.com\/fr\/wp-json\/wp\/v2\/media\/24710"}],"wp:attachment":[{"href":"https:\/\/www.kalorus.com\/fr\/wp-json\/wp\/v2\/media?parent=41639"}],"wp:term":[{"taxonomy":"product_brand","embeddable":true,"href":"https:\/\/www.kalorus.com\/fr\/wp-json\/wp\/v2\/product_brand?post=41639"},{"taxonomy":"product_cat","embeddable":true,"href":"https:\/\/www.kalorus.com\/fr\/wp-json\/wp\/v2\/product_cat?post=41639"},{"taxonomy":"product_tag","embeddable":true,"href":"https:\/\/www.kalorus.com\/fr\/wp-json\/wp\/v2\/product_tag?post=41639"}],"curies":[{"name":"wp","href":"https:\/\/api.w.org\/{rel}","templated":true}]}}